{"id":12,"date":"2018-12-17T13:54:56","date_gmt":"2018-12-17T13:54:56","guid":{"rendered":"http:\/\/supporting-changes.com\/?page_id=12"},"modified":"2021-03-06T18:46:42","modified_gmt":"2021-03-06T18:46:42","slug":"self-performance","status":"publish","type":"page","link":"http:\/\/supporting-changes.com\/?page_id=12","title":{"rendered":"SELF PERFORMANCE"},"content":{"rendered":"\t\t<div class=\"elementor elementor-12\">\n\t\t\t<div class=\"elementor-inner\">\n\t\t\t\t<div class=\"elementor-section-wrap\">\n\t\t\t\t\t\t\t<section data-id=\"895f457\" class=\"elementor-element elementor-element-895f457 elementor-section-stretched elementor-section-full_width elementor-section-height-default elementor-section-height-default elementor-section elementor-top-section\" data-settings=\"{&quot;stretch_section&quot;:&quot;section-stretched&quot;,&quot;background_background&quot;:&quot;classic&quot;}\" data-element_type=\"section\">\n\t\t\t\t\t\t<div class=\"elementor-container elementor-column-gap-default\">\n\t\t\t\t<div class=\"elementor-row\">\n\t\t\t\t<div data-id=\"3f9163e\" class=\"elementor-element elementor-element-3f9163e elementor-column elementor-col-100 elementor-top-column\" data-element_type=\"column\">\n\t\t\t<div class=\"elementor-column-wrap elementor-element-populated\">\n\t\t\t\t\t<div class=\"elementor-widget-wrap\">\n\t\t\t\t<div data-id=\"840486a\" class=\"elementor-element elementor-element-840486a elementor-hidden-tablet elementor-hidden-phone elementor-widget elementor-widget-spacer\" data-element_type=\"spacer.default\">\n\t\t\t\t<div class=\"elementor-widget-container\">\n\t\t\t\t\t<div class=\"elementor-spacer\">\n\t\t\t<div class=\"elementor-spacer-inner\"><\/div>\n\t\t<\/div>\n\t\t\t\t<\/div>\n\t\t\t\t<\/div>\n\t\t\t\t<div data-id=\"379f245\" class=\"elementor-element elementor-element-379f245 elementor-nav-menu__align-center elementor-nav-menu--indicator-none elementor-nav-menu--dropdown-tablet elementor-nav-menu__text-align-aside elementor-nav-menu--toggle elementor-nav-menu--burger elementor-widget elementor-widget-nav-menu\" data-settings=\"{&quot;layout&quot;:&quot;horizontal&quot;,&quot;toggle&quot;:&quot;burger&quot;}\" data-element_type=\"nav-menu.default\">\n\t\t\t\t<div class=\"elementor-widget-container\">\n\t\t\t\t\t\t<nav class=\"elementor-nav-menu--main elementor-nav-menu__container elementor-nav-menu--layout-horizontal e--pointer-none\"><ul id=\"menu-1-379f245\" class=\"elementor-nav-menu\"><li class=\"menu-item menu-item-type-post_type menu-item-object-page menu-item-home menu-item-26\"><a href=\"http:\/\/supporting-changes.com\/\" class=\"elementor-item\">STARTSEITE<\/a><\/li>\n<li class=\"menu-item menu-item-type-post_type menu-item-object-page menu-item-has-children menu-item-25\"><a href=\"http:\/\/supporting-changes.com\/?page_id=10\" class=\"elementor-item\">ANGEBOTE<\/a>\n<ul class=\"sub-menu elementor-nav-menu--dropdown\">\n\t<li class=\"menu-item menu-item-type-post_type menu-item-object-page menu-item-52\"><a href=\"http:\/\/supporting-changes.com\/?page_id=29\" class=\"elementor-sub-item\">Pr\u00e4sentation<\/a><\/li>\n\t<li class=\"menu-item menu-item-type-post_type menu-item-object-page menu-item-51\"><a href=\"http:\/\/supporting-changes.com\/?page_id=31\" class=\"elementor-sub-item\">Karrierecoaching<\/a><\/li>\n\t<li class=\"menu-item menu-item-type-post_type menu-item-object-page menu-item-50\"><a href=\"http:\/\/supporting-changes.com\/?page_id=33\" class=\"elementor-sub-item\">Gespr\u00e4chsrethorik<\/a><\/li>\n\t<li class=\"menu-item menu-item-type-post_type menu-item-object-page menu-item-49\"><a href=\"http:\/\/supporting-changes.com\/?page_id=35\" class=\"elementor-sub-item\">Moderation<\/a><\/li>\n\t<li class=\"menu-item menu-item-type-post_type menu-item-object-page menu-item-48\"><a href=\"http:\/\/supporting-changes.com\/?page_id=37\" class=\"elementor-sub-item\">Stimmcoaching<\/a><\/li>\n<\/ul>\n<\/li>\n<li class=\"menu-item menu-item-type-post_type menu-item-object-page menu-item-has-children menu-item-24\"><a href=\"http:\/\/supporting-changes.com\/?page_id=12\" class=\"elementor-item\">SELF PERFORMANCE<\/a>\n<ul class=\"sub-menu elementor-nav-menu--dropdown\">\n\t<li class=\"menu-item menu-item-type-post_type menu-item-object-page menu-item-47\"><a href=\"http:\/\/supporting-changes.com\/?page_id=39\" class=\"elementor-sub-item\">Kerstin K\u00f6hler<\/a><\/li>\n\t<li class=\"menu-item menu-item-type-post_type menu-item-object-page menu-item-46\"><a href=\"http:\/\/supporting-changes.com\/?page_id=41\" class=\"elementor-sub-item\">C\u00e4cilie Skorupinski<\/a><\/li>\n\t<li class=\"menu-item menu-item-type-post_type menu-item-object-page menu-item-45\"><a href=\"http:\/\/supporting-changes.com\/?page_id=43\" class=\"elementor-sub-item\">Ver\u00f6ffentlichungen<\/a><\/li>\n<\/ul>\n<\/li>\n<li class=\"menu-item menu-item-type-post_type menu-item-object-page menu-item-23\"><a href=\"http:\/\/supporting-changes.com\/?page_id=14\" class=\"elementor-item\">F\u00dcR UNSERE KUNDEN<\/a><\/li>\n<li class=\"menu-item menu-item-type-post_type menu-item-object-page menu-item-22\"><a href=\"http:\/\/supporting-changes.com\/?page_id=16\" class=\"elementor-item\">KONTAKT<\/a><\/li>\n<\/ul><\/nav>\n\t\t\t\t\t<div class=\"elementor-menu-toggle\">\n\t\t\t<i class=\"eicon\" aria-hidden=\"true\"><\/i>\n\t\t<\/div>\n\t\t<nav class=\"elementor-nav-menu--dropdown elementor-nav-menu__container\"><ul id=\"menu-2-379f245\" class=\"elementor-nav-menu\"><li class=\"menu-item menu-item-type-post_type menu-item-object-page menu-item-home menu-item-26\"><a href=\"http:\/\/supporting-changes.com\/\" class=\"elementor-item\">STARTSEITE<\/a><\/li>\n<li class=\"menu-item menu-item-type-post_type menu-item-object-page menu-item-has-children menu-item-25\"><a href=\"http:\/\/supporting-changes.com\/?page_id=10\" class=\"elementor-item\">ANGEBOTE<\/a>\n<ul class=\"sub-menu elementor-nav-menu--dropdown\">\n\t<li class=\"menu-item menu-item-type-post_type menu-item-object-page menu-item-52\"><a href=\"http:\/\/supporting-changes.com\/?page_id=29\" class=\"elementor-sub-item\">Pr\u00e4sentation<\/a><\/li>\n\t<li class=\"menu-item menu-item-type-post_type menu-item-object-page menu-item-51\"><a href=\"http:\/\/supporting-changes.com\/?page_id=31\" class=\"elementor-sub-item\">Karrierecoaching<\/a><\/li>\n\t<li class=\"menu-item menu-item-type-post_type menu-item-object-page menu-item-50\"><a href=\"http:\/\/supporting-changes.com\/?page_id=33\" class=\"elementor-sub-item\">Gespr\u00e4chsrethorik<\/a><\/li>\n\t<li class=\"menu-item menu-item-type-post_type menu-item-object-page menu-item-49\"><a href=\"http:\/\/supporting-changes.com\/?page_id=35\" class=\"elementor-sub-item\">Moderation<\/a><\/li>\n\t<li class=\"menu-item menu-item-type-post_type menu-item-object-page menu-item-48\"><a href=\"http:\/\/supporting-changes.com\/?page_id=37\" class=\"elementor-sub-item\">Stimmcoaching<\/a><\/li>\n<\/ul>\n<\/li>\n<li class=\"menu-item menu-item-type-post_type menu-item-object-page menu-item-has-children menu-item-24\"><a href=\"http:\/\/supporting-changes.com\/?page_id=12\" class=\"elementor-item\">SELF PERFORMANCE<\/a>\n<ul class=\"sub-menu elementor-nav-menu--dropdown\">\n\t<li class=\"menu-item menu-item-type-post_type menu-item-object-page menu-item-47\"><a href=\"http:\/\/supporting-changes.com\/?page_id=39\" class=\"elementor-sub-item\">Kerstin K\u00f6hler<\/a><\/li>\n\t<li class=\"menu-item menu-item-type-post_type menu-item-object-page menu-item-46\"><a href=\"http:\/\/supporting-changes.com\/?page_id=41\" class=\"elementor-sub-item\">C\u00e4cilie Skorupinski<\/a><\/li>\n\t<li class=\"menu-item menu-item-type-post_type menu-item-object-page menu-item-45\"><a href=\"http:\/\/supporting-changes.com\/?page_id=43\" class=\"elementor-sub-item\">Ver\u00f6ffentlichungen<\/a><\/li>\n<\/ul>\n<\/li>\n<li class=\"menu-item menu-item-type-post_type menu-item-object-page menu-item-23\"><a href=\"http:\/\/supporting-changes.com\/?page_id=14\" class=\"elementor-item\">F\u00dcR UNSERE KUNDEN<\/a><\/li>\n<li class=\"menu-item menu-item-type-post_type menu-item-object-page menu-item-22\"><a href=\"http:\/\/supporting-changes.com\/?page_id=16\" class=\"elementor-item\">KONTAKT<\/a><\/li>\n<\/ul><\/nav>\n\t\t\t\t<\/div>\n\t\t\t\t<\/div>\n\t\t\t\t<div data-id=\"955c1de\" class=\"elementor-element elementor-element-955c1de elementor-widget elementor-widget-spacer\" data-element_type=\"spacer.default\">\n\t\t\t\t<div class=\"elementor-widget-container\">\n\t\t\t\t\t<div class=\"elementor-spacer\">\n\t\t\t<div class=\"elementor-spacer-inner\"><\/div>\n\t\t<\/div>\n\t\t\t\t<\/div>\n\t\t\t\t<\/div>\n\t\t\t\t<section data-id=\"b2404f2\" class=\"elementor-element elementor-element-b2404f2 elementor-section-boxed elementor-section-height-default elementor-section-height-default elementor-section elementor-inner-section\" data-element_type=\"section\">\n\t\t\t\t\t\t<div class=\"elementor-container elementor-column-gap-default\">\n\t\t\t\t<div class=\"elementor-row\">\n\t\t\t\t<div data-id=\"b3c7cc4\" class=\"elementor-element elementor-element-b3c7cc4 elementor-column elementor-col-50 elementor-inner-column\" data-element_type=\"column\">\n\t\t\t<div class=\"elementor-column-wrap elementor-element-populated\">\n\t\t\t\t\t<div class=\"elementor-widget-wrap\">\n\t\t\t\t<div data-id=\"820f985\" class=\"elementor-element elementor-element-820f985 elementor-widget elementor-widget-heading\" data-element_type=\"heading.default\">\n\t\t\t\t<div class=\"elementor-widget-container\">\n\t\t\t<h2 class=\"elementor-heading-title elementor-size-default\">SELF PERFORMANCE<\/h2>\t\t<\/div>\n\t\t\t\t<\/div>\n\t\t\t\t<div data-id=\"50a652e\" class=\"elementor-element elementor-element-50a652e elementor-widget elementor-widget-heading\" data-element_type=\"heading.default\">\n\t\t\t\t<div class=\"elementor-widget-container\">\n\t\t\t<h2 class=\"elementor-heading-title elementor-size-default\">K+S KOMMUNIKATION BERLIN GBR<\/h2>\t\t<\/div>\n\t\t\t\t<\/div>\n\t\t\t\t<div data-id=\"2a55e8c\" class=\"elementor-element elementor-element-2a55e8c elementor-widget elementor-widget-spacer\" data-element_type=\"spacer.default\">\n\t\t\t\t<div class=\"elementor-widget-container\">\n\t\t\t\t\t<div class=\"elementor-spacer\">\n\t\t\t<div class=\"elementor-spacer-inner\"><\/div>\n\t\t<\/div>\n\t\t\t\t<\/div>\n\t\t\t\t<\/div>\n\t\t\t\t<div data-id=\"71fe5ad\" class=\"elementor-element elementor-element-71fe5ad elementor--h-position-center elementor--v-position-middle elementor-widget elementor-widget-slides\" data-element_type=\"slides.default\">\n\t\t\t\t<div class=\"elementor-widget-container\">\n\t\t\t\t\t<div class=\"elementor-slides-wrapper elementor-slick-slider\" dir=\"ltr\">\n\t\t\t<div class=\"elementor-slides slick-arrows-inside\" data-slider_options=\"{&quot;slidesToShow&quot;:1,&quot;autoplaySpeed&quot;:5000,&quot;autoplay&quot;:true,&quot;infinite&quot;:true,&quot;pauseOnHover&quot;:true,&quot;speed&quot;:500,&quot;arrows&quot;:true,&quot;dots&quot;:false,&quot;rtl&quot;:false}\" data-animation=\"fadeInUp\">\n\t\t\t\t<div class=\"elementor-repeater-item-98e86ad slick-slide\"><div class=\"slick-slide-bg\"><\/div><div  class=\"slick-slide-inner\"><div class=\"elementor-slide-content\"><div class=\"elementor-slide-heading\">KERSTIN K\u00d6HLER<\/div><div class=\"elementor-slide-description\">Diplom-Sprechwissenschaftlerin<\/div><\/div><\/div><\/div><div class=\"elementor-repeater-item-aec6582 slick-slide\"><div class=\"slick-slide-bg\"><\/div><div  class=\"slick-slide-inner\"><div class=\"elementor-slide-content\"><div class=\"elementor-slide-heading\">C\u00c4CILIE SKORUPINSKI<\/div><div class=\"elementor-slide-description\">Diplom-Sprechwissenschaftlerin<\/div><\/div><\/div><\/div>\t\t\t<\/div>\n\t\t<\/div>\n\t\t\t\t<\/div>\n\t\t\t\t<\/div>\n\t\t\t\t<div data-id=\"37f3020\" class=\"elementor-element elementor-element-37f3020 elementor-widget elementor-widget-spacer\" data-element_type=\"spacer.default\">\n\t\t\t\t<div class=\"elementor-widget-container\">\n\t\t\t\t\t<div class=\"elementor-spacer\">\n\t\t\t<div class=\"elementor-spacer-inner\"><\/div>\n\t\t<\/div>\n\t\t\t\t<\/div>\n\t\t\t\t<\/div>\n\t\t\t\t\t\t<\/div>\n\t\t\t<\/div>\n\t\t<\/div>\n\t\t\t\t<div data-id=\"717bf95\" class=\"elementor-element elementor-element-717bf95 elementor-column elementor-col-50 elementor-inner-column\" data-element_type=\"column\">\n\t\t\t<div class=\"elementor-column-wrap elementor-element-populated\">\n\t\t\t\t\t<div class=\"elementor-widget-wrap\">\n\t\t\t\t<div data-id=\"38f71df\" class=\"elementor-element elementor-element-38f71df elementor-widget elementor-widget-text-editor\" data-element_type=\"text-editor.default\">\n\t\t\t\t<div class=\"elementor-widget-container\">\n\t\t\t\t\t<div class=\"elementor-text-editor elementor-clearfix\"><table border=\"0\" width=\"900\"><tbody><tr><td align=\"left\" valign=\"top\" width=\"230\"><p><strong>K+S Kommunikation Berlin GBR<br \/><\/strong>Team f\u00fcr Kommunikationsberatung<br \/>Rhetorik \u00b7 Medientraining \u00b7 Coaching\u2028<\/p><p><strong>Kerstin K\u00f6hler &amp; C\u00e4cilie Skorupinski<\/strong><\/p><p>Sonntagstra\u00dfe\u00a0 5<br \/>D-10245 Berlin<br \/>Tel.: +49 30 62 70 89 51<br \/><a href=\"mailto:info@supporting-changes.com\">info@supporting-changes.com<\/a><\/p><p>Blumenstra\u00dfe 6<br \/>16556 Borgsdorf<br \/>Tel.: +49 3303 50 95 550<br \/><a href=\"mailto:info@supporting-changes.com\">info@supporting-changes.com<\/a><\/p><\/td><\/tr><\/tbody><\/table><\/div>\n\t\t\t\t<\/div>\n\t\t\t\t<\/div>\n\t\t\t\t\t\t<\/div>\n\t\t\t<\/div>\n\t\t<\/div>\n\t\t\t\t\t\t<\/div>\n\t\t\t<\/div>\n\t\t<\/section>\n\t\t\t\t<div data-id=\"826b676\" class=\"elementor-element elementor-element-826b676 elementor-widget elementor-widget-template\" data-element_type=\"template.default\">\n\t\t\t\t<div class=\"elementor-widget-container\">\n\t\t\t\t\t<div class=\"elementor-template\">\n\t\t\t\t\t<div class=\"elementor elementor-258 elementor-type-section\">\n\t\t\t<div class=\"elementor-inner\">\n\t\t\t\t<div class=\"elementor-section-wrap\">\n\t\t\t\t\t\t\t<section data-id=\"7b7da30\" class=\"elementor-element elementor-element-7b7da30 elementor-section-boxed elementor-section-height-default elementor-section-height-default elementor-section elementor-inner-section\" data-element_type=\"section\">\n\t\t\t\t\t\t<div class=\"elementor-container elementor-column-gap-default\">\n\t\t\t\t<div class=\"elementor-row\">\n\t\t\t\t<div data-id=\"72bcf74\" class=\"elementor-element elementor-element-72bcf74 elementor-column elementor-col-50 elementor-inner-column\" data-element_type=\"column\">\n\t\t\t<div class=\"elementor-column-wrap elementor-element-populated\">\n\t\t\t\t\t<div class=\"elementor-widget-wrap\">\n\t\t\t\t<div data-id=\"8df48ba\" class=\"elementor-element elementor-element-8df48ba elementor-widget elementor-widget-divider\" data-element_type=\"divider.default\">\n\t\t\t\t<div class=\"elementor-widget-container\">\n\t\t\t\t\t<div class=\"elementor-divider\">\n\t\t\t<span class=\"elementor-divider-separator\"><\/span>\n\t\t<\/div>\n\t\t\t\t<\/div>\n\t\t\t\t<\/div>\n\t\t\t\t<div data-id=\"dcb057c\" class=\"elementor-element elementor-element-dcb057c elementor-widget elementor-widget-text-editor\" data-element_type=\"text-editor.default\">\n\t\t\t\t<div class=\"elementor-widget-container\">\n\t\t\t\t\t<div class=\"elementor-text-editor elementor-clearfix\"><p>\u00a9 2024 K+S Kommunikation Berlin GbR &#8211; Team f\u00fcr Kommunikationsberatung<br \/>PARTNER &#8211; <a href=\"http:\/\/supporting-changes.com\/?page_id=275\" target=\"_blank\" rel=\"noopener\">IMPRESSUM<\/a><\/p><\/div>\n\t\t\t\t<\/div>\n\t\t\t\t<\/div>\n\t\t\t\t\t\t<\/div>\n\t\t\t<\/div>\n\t\t<\/div>\n\t\t\t\t<div data-id=\"79409e9\" class=\"elementor-element elementor-element-79409e9 elementor-column elementor-col-50 elementor-inner-column\" data-element_type=\"column\">\n\t\t\t<div class=\"elementor-column-wrap\">\n\t\t\t\t\t<div class=\"elementor-widget-wrap\">\n\t\t\t\t\t\t<\/div>\n\t\t\t<\/div>\n\t\t<\/div>\n\t\t\t\t\t\t<\/div>\n\t\t\t<\/div>\n\t\t<\/section>\n\t\t\t\t\t\t<\/div>\n\t\t\t<\/div>\n\t\t<\/div>\n\t\t\t\t<\/div>\n\t\t\t\t<\/div>\n\t\t\t\t<\/div>\n\t\t\t\t<div data-id=\"614957c\" class=\"elementor-element elementor-element-614957c elementor-widget elementor-widget-spacer\" data-element_type=\"spacer.default\">\n\t\t\t\t<div class=\"elementor-widget-container\">\n\t\t\t\t\t<div class=\"elementor-spacer\">\n\t\t\t<div class=\"elementor-spacer-inner\"><\/div>\n\t\t<\/div>\n\t\t\t\t<\/div>\n\t\t\t\t<\/div>\n\t\t\t\t\t\t<\/div>\n\t\t\t<\/div>\n\t\t<\/div>\n\t\t\t\t\t\t<\/div>\n\t\t\t<\/div>\n\t\t<\/section>\n\t\t\t\t\t\t<\/div>\n\t\t\t<\/div>\n\t\t<\/div>\n\t\t","protected":false},"excerpt":{"rendered":"<p>SELF PERFORMANCE K+S KOMMUNIKATION BERLIN GBR KERSTIN K\u00d6HLERDiplom-SprechwissenschaftlerinC\u00c4CILIE SKORUPINSKIDiplom-Sprechwissenschaftlerin K+S Kommunikation Berlin GBRTeam f\u00fcr KommunikationsberatungRhetorik \u00b7 Medientraining \u00b7 Coaching\u2028 Kerstin K\u00f6hler &amp; C\u00e4cilie Skorupinski Sonntagstra\u00dfe\u00a0 5D-10245 BerlinTel.: +49 30 62 70 89 51info@supporting-changes.com Blumenstra\u00dfe 616556 BorgsdorfTel.: +49 3303 50 95 550info@supporting-changes.com<\/p>\n","protected":false},"author":1,"featured_media":0,"parent":0,"menu_order":0,"comment_status":"closed","ping_status":"closed","template":"elementor_canvas","meta":[],"_links":{"self":[{"href":"http:\/\/supporting-changes.com\/index.php?rest_route=\/wp\/v2\/pages\/12"}],"collection":[{"href":"http:\/\/supporting-changes.com\/index.php?rest_route=\/wp\/v2\/pages"}],"about":[{"href":"http:\/\/supporting-changes.com\/index.php?rest_route=\/wp\/v2\/types\/page"}],"author":[{"embeddable":true,"href":"http:\/\/supporting-changes.com\/index.php?rest_route=\/wp\/v2\/users\/1"}],"replies":[{"embeddable":true,"href":"http:\/\/supporting-changes.com\/index.php?rest_route=%2Fwp%2Fv2%2Fcomments&post=12"}],"version-history":[{"count":39,"href":"http:\/\/supporting-changes.com\/index.php?rest_route=\/wp\/v2\/pages\/12\/revisions"}],"predecessor-version":[{"id":598,"href":"http:\/\/supporting-changes.com\/index.php?rest_route=\/wp\/v2\/pages\/12\/revisions\/598"}],"wp:attachment":[{"href":"http:\/\/supporting-changes.com\/index.php?rest_route=%2Fwp%2Fv2%2Fmedia&parent=12"}],"curies":[{"name":"wp","href":"https:\/\/api.w.org\/{rel}","templated":true}]}}