{"id":14,"date":"2018-12-17T13:55:15","date_gmt":"2018-12-17T13:55:15","guid":{"rendered":"http:\/\/supporting-changes.com\/?page_id=14"},"modified":"2024-11-26T18:19:40","modified_gmt":"2024-11-26T18:19:40","slug":"fuer-unsere-kunden","status":"publish","type":"page","link":"http:\/\/supporting-changes.com\/?page_id=14","title":{"rendered":"F\u00dcR UNSERE KUNDEN"},"content":{"rendered":"\t\t<div class=\"elementor elementor-14\">\n\t\t\t<div class=\"elementor-inner\">\n\t\t\t\t<div class=\"elementor-section-wrap\">\n\t\t\t\t\t\t\t<section data-id=\"ca1c4b0\" class=\"elementor-element elementor-element-ca1c4b0 elementor-section-stretched elementor-section-full_width elementor-section-content-middle elementor-section-height-default elementor-section-height-default elementor-section elementor-top-section\" data-settings=\"{&quot;stretch_section&quot;:&quot;section-stretched&quot;,&quot;background_background&quot;:&quot;classic&quot;}\" data-element_type=\"section\">\n\t\t\t\t\t\t<div class=\"elementor-container elementor-column-gap-default\">\n\t\t\t\t<div class=\"elementor-row\">\n\t\t\t\t<div data-id=\"7ab8af2\" class=\"elementor-element elementor-element-7ab8af2 elementor-column elementor-col-100 elementor-top-column\" data-element_type=\"column\">\n\t\t\t<div class=\"elementor-column-wrap elementor-element-populated\">\n\t\t\t\t\t<div class=\"elementor-widget-wrap\">\n\t\t\t\t<div data-id=\"a142b0b\" class=\"elementor-element elementor-element-a142b0b elementor-hidden-tablet elementor-hidden-phone elementor-widget elementor-widget-spacer\" data-element_type=\"spacer.default\">\n\t\t\t\t<div class=\"elementor-widget-container\">\n\t\t\t\t\t<div class=\"elementor-spacer\">\n\t\t\t<div class=\"elementor-spacer-inner\"><\/div>\n\t\t<\/div>\n\t\t\t\t<\/div>\n\t\t\t\t<\/div>\n\t\t\t\t<div data-id=\"196fea4\" class=\"elementor-element elementor-element-196fea4 elementor-nav-menu__align-center elementor-nav-menu--indicator-none elementor-nav-menu__text-align-center elementor-nav-menu--dropdown-tablet elementor-nav-menu--toggle elementor-nav-menu--burger elementor-widget elementor-widget-nav-menu\" data-settings=\"{&quot;layout&quot;:&quot;horizontal&quot;,&quot;toggle&quot;:&quot;burger&quot;}\" data-element_type=\"nav-menu.default\">\n\t\t\t\t<div class=\"elementor-widget-container\">\n\t\t\t\t\t\t<nav class=\"elementor-nav-menu--main elementor-nav-menu__container elementor-nav-menu--layout-horizontal e--pointer-none\"><ul id=\"menu-1-196fea4\" class=\"elementor-nav-menu\"><li class=\"menu-item menu-item-type-post_type menu-item-object-page menu-item-home menu-item-26\"><a href=\"http:\/\/supporting-changes.com\/\" class=\"elementor-item\">STARTSEITE<\/a><\/li>\n<li class=\"menu-item menu-item-type-post_type menu-item-object-page menu-item-has-children menu-item-25\"><a href=\"http:\/\/supporting-changes.com\/?page_id=10\" class=\"elementor-item\">ANGEBOTE<\/a>\n<ul class=\"sub-menu elementor-nav-menu--dropdown\">\n\t<li class=\"menu-item menu-item-type-post_type menu-item-object-page menu-item-52\"><a href=\"http:\/\/supporting-changes.com\/?page_id=29\" class=\"elementor-sub-item\">Pr\u00e4sentation<\/a><\/li>\n\t<li class=\"menu-item menu-item-type-post_type menu-item-object-page menu-item-51\"><a href=\"http:\/\/supporting-changes.com\/?page_id=31\" class=\"elementor-sub-item\">Karrierecoaching<\/a><\/li>\n\t<li class=\"menu-item menu-item-type-post_type menu-item-object-page menu-item-50\"><a href=\"http:\/\/supporting-changes.com\/?page_id=33\" class=\"elementor-sub-item\">Gespr\u00e4chsrethorik<\/a><\/li>\n\t<li class=\"menu-item menu-item-type-post_type menu-item-object-page menu-item-49\"><a href=\"http:\/\/supporting-changes.com\/?page_id=35\" class=\"elementor-sub-item\">Moderation<\/a><\/li>\n\t<li class=\"menu-item menu-item-type-post_type menu-item-object-page menu-item-48\"><a href=\"http:\/\/supporting-changes.com\/?page_id=37\" class=\"elementor-sub-item\">Stimmcoaching<\/a><\/li>\n<\/ul>\n<\/li>\n<li class=\"menu-item menu-item-type-post_type menu-item-object-page menu-item-has-children menu-item-24\"><a href=\"http:\/\/supporting-changes.com\/?page_id=12\" class=\"elementor-item\">SELF PERFORMANCE<\/a>\n<ul class=\"sub-menu elementor-nav-menu--dropdown\">\n\t<li class=\"menu-item menu-item-type-post_type menu-item-object-page menu-item-47\"><a href=\"http:\/\/supporting-changes.com\/?page_id=39\" class=\"elementor-sub-item\">Kerstin K\u00f6hler<\/a><\/li>\n\t<li class=\"menu-item menu-item-type-post_type menu-item-object-page menu-item-46\"><a href=\"http:\/\/supporting-changes.com\/?page_id=41\" class=\"elementor-sub-item\">C\u00e4cilie Skorupinski<\/a><\/li>\n\t<li class=\"menu-item menu-item-type-post_type menu-item-object-page menu-item-45\"><a href=\"http:\/\/supporting-changes.com\/?page_id=43\" class=\"elementor-sub-item\">Ver\u00f6ffentlichungen<\/a><\/li>\n<\/ul>\n<\/li>\n<li class=\"menu-item menu-item-type-post_type menu-item-object-page menu-item-23\"><a href=\"http:\/\/supporting-changes.com\/?page_id=14\" class=\"elementor-item\">F\u00dcR UNSERE KUNDEN<\/a><\/li>\n<li class=\"menu-item menu-item-type-post_type menu-item-object-page menu-item-22\"><a href=\"http:\/\/supporting-changes.com\/?page_id=16\" class=\"elementor-item\">KONTAKT<\/a><\/li>\n<\/ul><\/nav>\n\t\t\t\t\t<div class=\"elementor-menu-toggle\">\n\t\t\t<i class=\"eicon\" aria-hidden=\"true\"><\/i>\n\t\t<\/div>\n\t\t<nav class=\"elementor-nav-menu--dropdown elementor-nav-menu__container\"><ul id=\"menu-2-196fea4\" class=\"elementor-nav-menu\"><li class=\"menu-item menu-item-type-post_type menu-item-object-page menu-item-home menu-item-26\"><a href=\"http:\/\/supporting-changes.com\/\" class=\"elementor-item\">STARTSEITE<\/a><\/li>\n<li class=\"menu-item menu-item-type-post_type menu-item-object-page menu-item-has-children menu-item-25\"><a href=\"http:\/\/supporting-changes.com\/?page_id=10\" class=\"elementor-item\">ANGEBOTE<\/a>\n<ul class=\"sub-menu elementor-nav-menu--dropdown\">\n\t<li class=\"menu-item menu-item-type-post_type menu-item-object-page menu-item-52\"><a href=\"http:\/\/supporting-changes.com\/?page_id=29\" class=\"elementor-sub-item\">Pr\u00e4sentation<\/a><\/li>\n\t<li class=\"menu-item menu-item-type-post_type menu-item-object-page menu-item-51\"><a href=\"http:\/\/supporting-changes.com\/?page_id=31\" class=\"elementor-sub-item\">Karrierecoaching<\/a><\/li>\n\t<li class=\"menu-item menu-item-type-post_type menu-item-object-page menu-item-50\"><a href=\"http:\/\/supporting-changes.com\/?page_id=33\" class=\"elementor-sub-item\">Gespr\u00e4chsrethorik<\/a><\/li>\n\t<li class=\"menu-item menu-item-type-post_type menu-item-object-page menu-item-49\"><a href=\"http:\/\/supporting-changes.com\/?page_id=35\" class=\"elementor-sub-item\">Moderation<\/a><\/li>\n\t<li class=\"menu-item menu-item-type-post_type menu-item-object-page menu-item-48\"><a href=\"http:\/\/supporting-changes.com\/?page_id=37\" class=\"elementor-sub-item\">Stimmcoaching<\/a><\/li>\n<\/ul>\n<\/li>\n<li class=\"menu-item menu-item-type-post_type menu-item-object-page menu-item-has-children menu-item-24\"><a href=\"http:\/\/supporting-changes.com\/?page_id=12\" class=\"elementor-item\">SELF PERFORMANCE<\/a>\n<ul class=\"sub-menu elementor-nav-menu--dropdown\">\n\t<li class=\"menu-item menu-item-type-post_type menu-item-object-page menu-item-47\"><a href=\"http:\/\/supporting-changes.com\/?page_id=39\" class=\"elementor-sub-item\">Kerstin K\u00f6hler<\/a><\/li>\n\t<li class=\"menu-item menu-item-type-post_type menu-item-object-page menu-item-46\"><a href=\"http:\/\/supporting-changes.com\/?page_id=41\" class=\"elementor-sub-item\">C\u00e4cilie Skorupinski<\/a><\/li>\n\t<li class=\"menu-item menu-item-type-post_type menu-item-object-page menu-item-45\"><a href=\"http:\/\/supporting-changes.com\/?page_id=43\" class=\"elementor-sub-item\">Ver\u00f6ffentlichungen<\/a><\/li>\n<\/ul>\n<\/li>\n<li class=\"menu-item menu-item-type-post_type menu-item-object-page menu-item-23\"><a href=\"http:\/\/supporting-changes.com\/?page_id=14\" class=\"elementor-item\">F\u00dcR UNSERE KUNDEN<\/a><\/li>\n<li class=\"menu-item menu-item-type-post_type menu-item-object-page menu-item-22\"><a href=\"http:\/\/supporting-changes.com\/?page_id=16\" class=\"elementor-item\">KONTAKT<\/a><\/li>\n<\/ul><\/nav>\n\t\t\t\t<\/div>\n\t\t\t\t<\/div>\n\t\t\t\t<div data-id=\"5862a29\" class=\"elementor-element elementor-element-5862a29 elementor-widget elementor-widget-spacer\" data-element_type=\"spacer.default\">\n\t\t\t\t<div class=\"elementor-widget-container\">\n\t\t\t\t\t<div class=\"elementor-spacer\">\n\t\t\t<div class=\"elementor-spacer-inner\"><\/div>\n\t\t<\/div>\n\t\t\t\t<\/div>\n\t\t\t\t<\/div>\n\t\t\t\t<section data-id=\"f81bcfa\" class=\"elementor-element elementor-element-f81bcfa elementor-section-content-top elementor-section-boxed elementor-section-height-default elementor-section-height-default elementor-section elementor-inner-section\" data-element_type=\"section\">\n\t\t\t\t\t\t<div class=\"elementor-container elementor-column-gap-default\">\n\t\t\t\t<div class=\"elementor-row\">\n\t\t\t\t<div data-id=\"13751c6\" class=\"elementor-element elementor-element-13751c6 elementor-column elementor-col-50 elementor-inner-column\" data-element_type=\"column\">\n\t\t\t<div class=\"elementor-column-wrap elementor-element-populated\">\n\t\t\t\t\t<div class=\"elementor-widget-wrap\">\n\t\t\t\t<div data-id=\"bd61830\" class=\"elementor-element elementor-element-bd61830 elementor-widget elementor-widget-heading\" data-element_type=\"heading.default\">\n\t\t\t\t<div class=\"elementor-widget-container\">\n\t\t\t<h2 class=\"elementor-heading-title elementor-size-default\">F\u00dcR UNSERE KUNDEN<\/h2>\t\t<\/div>\n\t\t\t\t<\/div>\n\t\t\t\t<div data-id=\"562d999\" class=\"elementor-element elementor-element-562d999 elementor-widget elementor-widget-text-editor\" data-element_type=\"text-editor.default\">\n\t\t\t\t<div class=\"elementor-widget-container\">\n\t\t\t\t\t<div class=\"elementor-text-editor elementor-clearfix\"><p>Falls Sie hier nach Referenzen schauen &#8230;, die werden Sie hier nicht finden.<br \/>Und zwar aus folgendem Grund: Diskretion ist f\u00fcr uns selbstverst\u00e4ndlich.<\/p><p>Daf\u00fcr finden Sie hier unser Inspirationsplakat:<strong>\u00a0<\/strong><\/p><p><img loading=\"lazy\" src=\"http:\/\/supporting-changes.com\/wp-content\/uploads\/2024\/04\/Unbenannt-28.-April-2024-13.16-scaled.jpg\" alt=\"\" width=\"2560\" height=\"1919\" \/><\/p><p><strong>K+S 2024<\/strong> LIVE &amp; Online<strong style=\"letter-spacing: 1.4px; font-size: 1rem;\">:\u00a0<br \/><\/strong>Anmeldung unter: <strong>info@supporting-changes.com<\/strong><\/p><div>1<span style=\"caret-color: #000000; color: #000000; letter-spacing: normal; font-size: 1rem;\">4.01.25 K+S LIVE<\/span><span style=\"caret-color: #000000; color: #000000; letter-spacing: normal; font-size: 1rem;\">\u00a0<\/span><strong style=\"caret-color: #000000; color: #000000; letter-spacing: normal; font-size: 1rem;\">Umgang mit Mobbing\u00a0<\/strong><span style=\"caret-color: #000000; color: #000000; letter-spacing: normal; font-size: 1rem;\">&#8211; Kommunikatives Handwerk f\u00fcr FK (Inhouse)<\/span><\/div><div style=\"letter-spacing: normal; caret-color: #000000; color: #000000;\"><div>12.\/13.02.25 K+S LIVE\u00a0<strong>Engarde!\u00a0<\/strong>&#8211; Gekonnt Parieren<\/div><div>18.02.25 LIVE\u00a0<strong>Die eigenen Karriere entwickeln<\/strong>\u00a0&#8211; Frauen. F\u00fchren. Wissenschaft (Charit\u00e9 &#8211; BLA)<\/div><\/div><div style=\"letter-spacing: normal; caret-color: #000000; color: #000000;\">06.05.25 LIVE\u00a0<strong>Visualisieren.<\/strong>\u00a0Inhalte mit Bildern verankern. (EWDE)<\/div><div>03.\/04.06.25 K+S LIVE <strong>Der professionelle Umgang mit unfairer Kommunikation<\/strong> (KBW)<\/div><div>16.\/16.10.25 LIVE <strong>Engarde!\u00a0<\/strong>&#8211; Gekonnt Parieren<\/div><div>04.11.25 K+S ONLINE <strong>Zeitmanagement<\/strong> f\u00fcr Wissenschaftlys (MLU)<\/div><div>\u00a0<\/div><div style=\"letter-spacing: normal; caret-color: #000000; color: #000000;\">\u00a0<\/div><\/div>\n\t\t\t\t<\/div>\n\t\t\t\t<\/div>\n\t\t\t\t\t\t<\/div>\n\t\t\t<\/div>\n\t\t<\/div>\n\t\t\t\t<div data-id=\"c8bd09d\" class=\"elementor-element elementor-element-c8bd09d elementor-column elementor-col-50 elementor-inner-column\" data-element_type=\"column\">\n\t\t\t<div class=\"elementor-column-wrap elementor-element-populated\">\n\t\t\t\t\t<div class=\"elementor-widget-wrap\">\n\t\t\t\t<div data-id=\"ce28d53\" class=\"elementor-element elementor-element-ce28d53 elementor-widget elementor-widget-text-editor\" data-element_type=\"text-editor.default\">\n\t\t\t\t<div class=\"elementor-widget-container\">\n\t\t\t\t\t<div class=\"elementor-text-editor elementor-clearfix\"><p><strong>K+S Kommunikation Berlin GBR<br \/><\/strong>Team f\u00fcr Kommunikationsberatung<br \/>Rhetorik \u00b7 Medientraining \u00b7 Coaching\u2028<\/p><p><strong>Kerstin K\u00f6hler &amp; C\u00e4cilie Skorupinski<\/strong><\/p><p>Sonntagstra\u00dfe\u00a0 5<br \/>D-10245 Berlin<br \/>Tel.: +49 30 62 70 89 51<br \/><a href=\"mailto:info@supporting-changes.com\">info@supporting-changes.com<\/a><\/p><p>Blumenstra\u00dfe 6<br \/>16556 Borgsdorf<br \/>Tel.: +49 3303 50 95 550<br \/><a href=\"mailto:info@supporting-changes.com\">info@supporting-changes.com<\/a><\/p><\/div>\n\t\t\t\t<\/div>\n\t\t\t\t<\/div>\n\t\t\t\t\t\t<\/div>\n\t\t\t<\/div>\n\t\t<\/div>\n\t\t\t\t\t\t<\/div>\n\t\t\t<\/div>\n\t\t<\/section>\n\t\t\t\t<div data-id=\"c5cdce6\" class=\"elementor-element elementor-element-c5cdce6 elementor-widget elementor-widget-spacer\" data-element_type=\"spacer.default\">\n\t\t\t\t<div class=\"elementor-widget-container\">\n\t\t\t\t\t<div class=\"elementor-spacer\">\n\t\t\t<div class=\"elementor-spacer-inner\"><\/div>\n\t\t<\/div>\n\t\t\t\t<\/div>\n\t\t\t\t<\/div>\n\t\t\t\t<div data-id=\"c321336\" class=\"elementor-element elementor-element-c321336 elementor-widget elementor-widget-template\" data-element_type=\"template.default\">\n\t\t\t\t<div class=\"elementor-widget-container\">\n\t\t\t\t\t<div class=\"elementor-template\">\n\t\t\t\t\t<div class=\"elementor elementor-258 elementor-type-section\">\n\t\t\t<div class=\"elementor-inner\">\n\t\t\t\t<div class=\"elementor-section-wrap\">\n\t\t\t\t\t\t\t<section data-id=\"7b7da30\" class=\"elementor-element elementor-element-7b7da30 elementor-section-boxed elementor-section-height-default elementor-section-height-default elementor-section elementor-inner-section\" data-element_type=\"section\">\n\t\t\t\t\t\t<div class=\"elementor-container elementor-column-gap-default\">\n\t\t\t\t<div class=\"elementor-row\">\n\t\t\t\t<div data-id=\"72bcf74\" class=\"elementor-element elementor-element-72bcf74 elementor-column elementor-col-50 elementor-inner-column\" data-element_type=\"column\">\n\t\t\t<div class=\"elementor-column-wrap elementor-element-populated\">\n\t\t\t\t\t<div class=\"elementor-widget-wrap\">\n\t\t\t\t<div data-id=\"8df48ba\" class=\"elementor-element elementor-element-8df48ba elementor-widget elementor-widget-divider\" data-element_type=\"divider.default\">\n\t\t\t\t<div class=\"elementor-widget-container\">\n\t\t\t\t\t<div class=\"elementor-divider\">\n\t\t\t<span class=\"elementor-divider-separator\"><\/span>\n\t\t<\/div>\n\t\t\t\t<\/div>\n\t\t\t\t<\/div>\n\t\t\t\t<div data-id=\"dcb057c\" class=\"elementor-element elementor-element-dcb057c elementor-widget elementor-widget-text-editor\" data-element_type=\"text-editor.default\">\n\t\t\t\t<div class=\"elementor-widget-container\">\n\t\t\t\t\t<div class=\"elementor-text-editor elementor-clearfix\"><p>\u00a9 2024 K+S Kommunikation Berlin GbR &#8211; Team f\u00fcr Kommunikationsberatung<br \/>PARTNER &#8211; <a href=\"http:\/\/supporting-changes.com\/?page_id=275\" target=\"_blank\" rel=\"noopener\">IMPRESSUM<\/a><\/p><\/div>\n\t\t\t\t<\/div>\n\t\t\t\t<\/div>\n\t\t\t\t\t\t<\/div>\n\t\t\t<\/div>\n\t\t<\/div>\n\t\t\t\t<div data-id=\"79409e9\" class=\"elementor-element elementor-element-79409e9 elementor-column elementor-col-50 elementor-inner-column\" data-element_type=\"column\">\n\t\t\t<div class=\"elementor-column-wrap\">\n\t\t\t\t\t<div class=\"elementor-widget-wrap\">\n\t\t\t\t\t\t<\/div>\n\t\t\t<\/div>\n\t\t<\/div>\n\t\t\t\t\t\t<\/div>\n\t\t\t<\/div>\n\t\t<\/section>\n\t\t\t\t\t\t<\/div>\n\t\t\t<\/div>\n\t\t<\/div>\n\t\t\t\t<\/div>\n\t\t\t\t<\/div>\n\t\t\t\t<\/div>\n\t\t\t\t<div data-id=\"dc8982f\" class=\"elementor-element elementor-element-dc8982f elementor-widget elementor-widget-spacer\" data-element_type=\"spacer.default\">\n\t\t\t\t<div class=\"elementor-widget-container\">\n\t\t\t\t\t<div class=\"elementor-spacer\">\n\t\t\t<div class=\"elementor-spacer-inner\"><\/div>\n\t\t<\/div>\n\t\t\t\t<\/div>\n\t\t\t\t<\/div>\n\t\t\t\t\t\t<\/div>\n\t\t\t<\/div>\n\t\t<\/div>\n\t\t\t\t\t\t<\/div>\n\t\t\t<\/div>\n\t\t<\/section>\n\t\t\t\t\t\t<\/div>\n\t\t\t<\/div>\n\t\t<\/div>\n\t\t","protected":false},"excerpt":{"rendered":"<p>F\u00dcR UNSERE KUNDEN Falls Sie hier nach Referenzen schauen &#8230;, die werden Sie hier nicht finden.Und zwar aus folgendem Grund: Diskretion ist f\u00fcr uns selbstverst\u00e4ndlich. Daf\u00fcr finden Sie hier unser Inspirationsplakat:\u00a0 K+S 2024 LIVE &amp; Online:\u00a0Anmeldung unter: info@supporting-changes.com 14.01.25 K+S LIVE\u00a0Umgang mit Mobbing\u00a0&#8211; Kommunikatives Handwerk f\u00fcr FK (Inhouse)12.\/13.02.25 K+S LIVE\u00a0Engarde!\u00a0&#8211; Gekonnt Parieren18.02.25 LIVE\u00a0Die eigenen Karriere &hellip; <\/p>\n<p class=\"link-more\"><a href=\"http:\/\/supporting-changes.com\/?page_id=14\" class=\"more-link\"><span class=\"screen-reader-text\">&#8222;F\u00dcR UNSERE KUNDEN&#8220;<\/span> weiterlesen<\/a><\/p>\n","protected":false},"author":1,"featured_media":0,"parent":0,"menu_order":0,"comment_status":"closed","ping_status":"closed","template":"elementor_canvas","meta":[],"_links":{"self":[{"href":"http:\/\/supporting-changes.com\/index.php?rest_route=\/wp\/v2\/pages\/14"}],"collection":[{"href":"http:\/\/supporting-changes.com\/index.php?rest_route=\/wp\/v2\/pages"}],"about":[{"href":"http:\/\/supporting-changes.com\/index.php?rest_route=\/wp\/v2\/types\/page"}],"author":[{"embeddable":true,"href":"http:\/\/supporting-changes.com\/index.php?rest_route=\/wp\/v2\/users\/1"}],"replies":[{"embeddable":true,"href":"http:\/\/supporting-changes.com\/index.php?rest_route=%2Fwp%2Fv2%2Fcomments&post=14"}],"version-history":[{"count":166,"href":"http:\/\/supporting-changes.com\/index.php?rest_route=\/wp\/v2\/pages\/14\/revisions"}],"predecessor-version":[{"id":949,"href":"http:\/\/supporting-changes.com\/index.php?rest_route=\/wp\/v2\/pages\/14\/revisions\/949"}],"wp:attachment":[{"href":"http:\/\/supporting-changes.com\/index.php?rest_route=%2Fwp%2Fv2%2Fmedia&parent=14"}],"curies":[{"name":"wp","href":"https:\/\/api.w.org\/{rel}","templated":true}]}}