{"id":35,"date":"2018-12-17T14:17:04","date_gmt":"2018-12-17T14:17:04","guid":{"rendered":"http:\/\/supporting-changes.com\/?page_id=35"},"modified":"2023-01-08T17:24:00","modified_gmt":"2023-01-08T17:24:00","slug":"moderation","status":"publish","type":"page","link":"http:\/\/supporting-changes.com\/?page_id=35","title":{"rendered":"Moderation"},"content":{"rendered":"\t\t<div class=\"elementor elementor-35\">\n\t\t\t<div class=\"elementor-inner\">\n\t\t\t\t<div class=\"elementor-section-wrap\">\n\t\t\t\t\t\t\t<section data-id=\"30615c6\" class=\"elementor-element elementor-element-30615c6 elementor-section-stretched elementor-section-full_width elementor-section-height-default elementor-section-height-default elementor-section elementor-top-section\" data-settings=\"{&quot;stretch_section&quot;:&quot;section-stretched&quot;,&quot;background_background&quot;:&quot;classic&quot;}\" data-element_type=\"section\">\n\t\t\t\t\t\t<div class=\"elementor-container elementor-column-gap-default\">\n\t\t\t\t<div class=\"elementor-row\">\n\t\t\t\t<div data-id=\"1157586\" class=\"elementor-element elementor-element-1157586 elementor-column elementor-col-100 elementor-top-column\" data-element_type=\"column\">\n\t\t\t<div class=\"elementor-column-wrap elementor-element-populated\">\n\t\t\t\t\t<div class=\"elementor-widget-wrap\">\n\t\t\t\t<div data-id=\"de5b26a\" class=\"elementor-element elementor-element-de5b26a elementor-hidden-tablet elementor-hidden-phone elementor-widget elementor-widget-spacer\" data-element_type=\"spacer.default\">\n\t\t\t\t<div class=\"elementor-widget-container\">\n\t\t\t\t\t<div class=\"elementor-spacer\">\n\t\t\t<div class=\"elementor-spacer-inner\"><\/div>\n\t\t<\/div>\n\t\t\t\t<\/div>\n\t\t\t\t<\/div>\n\t\t\t\t<div data-id=\"7721db7\" class=\"elementor-element elementor-element-7721db7 elementor-nav-menu__align-center elementor-nav-menu--indicator-none elementor-nav-menu__text-align-center elementor-nav-menu--dropdown-tablet elementor-nav-menu--toggle elementor-nav-menu--burger elementor-widget elementor-widget-nav-menu\" data-settings=\"{&quot;layout&quot;:&quot;horizontal&quot;,&quot;toggle&quot;:&quot;burger&quot;}\" data-element_type=\"nav-menu.default\">\n\t\t\t\t<div class=\"elementor-widget-container\">\n\t\t\t\t\t\t<nav class=\"elementor-nav-menu--main elementor-nav-menu__container elementor-nav-menu--layout-horizontal e--pointer-none\"><ul id=\"menu-1-7721db7\" class=\"elementor-nav-menu\"><li class=\"menu-item menu-item-type-post_type menu-item-object-page menu-item-home menu-item-26\"><a href=\"http:\/\/supporting-changes.com\/\" class=\"elementor-item\">STARTSEITE<\/a><\/li>\n<li class=\"menu-item menu-item-type-post_type menu-item-object-page menu-item-has-children menu-item-25\"><a href=\"http:\/\/supporting-changes.com\/?page_id=10\" class=\"elementor-item\">ANGEBOTE<\/a>\n<ul class=\"sub-menu elementor-nav-menu--dropdown\">\n\t<li class=\"menu-item menu-item-type-post_type menu-item-object-page menu-item-52\"><a href=\"http:\/\/supporting-changes.com\/?page_id=29\" class=\"elementor-sub-item\">Pr\u00e4sentation<\/a><\/li>\n\t<li class=\"menu-item menu-item-type-post_type menu-item-object-page menu-item-51\"><a href=\"http:\/\/supporting-changes.com\/?page_id=31\" class=\"elementor-sub-item\">Karrierecoaching<\/a><\/li>\n\t<li class=\"menu-item menu-item-type-post_type menu-item-object-page menu-item-50\"><a href=\"http:\/\/supporting-changes.com\/?page_id=33\" class=\"elementor-sub-item\">Gespr\u00e4chsrethorik<\/a><\/li>\n\t<li class=\"menu-item menu-item-type-post_type menu-item-object-page menu-item-49\"><a href=\"http:\/\/supporting-changes.com\/?page_id=35\" class=\"elementor-sub-item\">Moderation<\/a><\/li>\n\t<li class=\"menu-item menu-item-type-post_type menu-item-object-page menu-item-48\"><a href=\"http:\/\/supporting-changes.com\/?page_id=37\" class=\"elementor-sub-item\">Stimmcoaching<\/a><\/li>\n<\/ul>\n<\/li>\n<li class=\"menu-item menu-item-type-post_type menu-item-object-page menu-item-has-children menu-item-24\"><a href=\"http:\/\/supporting-changes.com\/?page_id=12\" class=\"elementor-item\">SELF PERFORMANCE<\/a>\n<ul class=\"sub-menu elementor-nav-menu--dropdown\">\n\t<li class=\"menu-item menu-item-type-post_type menu-item-object-page menu-item-47\"><a href=\"http:\/\/supporting-changes.com\/?page_id=39\" class=\"elementor-sub-item\">Kerstin K\u00f6hler<\/a><\/li>\n\t<li class=\"menu-item menu-item-type-post_type menu-item-object-page menu-item-46\"><a href=\"http:\/\/supporting-changes.com\/?page_id=41\" class=\"elementor-sub-item\">C\u00e4cilie Skorupinski<\/a><\/li>\n\t<li class=\"menu-item menu-item-type-post_type menu-item-object-page menu-item-45\"><a href=\"http:\/\/supporting-changes.com\/?page_id=43\" class=\"elementor-sub-item\">Ver\u00f6ffentlichungen<\/a><\/li>\n<\/ul>\n<\/li>\n<li class=\"menu-item menu-item-type-post_type menu-item-object-page menu-item-23\"><a href=\"http:\/\/supporting-changes.com\/?page_id=14\" class=\"elementor-item\">F\u00dcR UNSERE KUNDEN<\/a><\/li>\n<li class=\"menu-item menu-item-type-post_type menu-item-object-page menu-item-22\"><a href=\"http:\/\/supporting-changes.com\/?page_id=16\" class=\"elementor-item\">KONTAKT<\/a><\/li>\n<\/ul><\/nav>\n\t\t\t\t\t<div class=\"elementor-menu-toggle\">\n\t\t\t<i class=\"eicon\" aria-hidden=\"true\"><\/i>\n\t\t<\/div>\n\t\t<nav class=\"elementor-nav-menu--dropdown elementor-nav-menu__container\"><ul id=\"menu-2-7721db7\" class=\"elementor-nav-menu\"><li class=\"menu-item menu-item-type-post_type menu-item-object-page menu-item-home menu-item-26\"><a href=\"http:\/\/supporting-changes.com\/\" class=\"elementor-item\">STARTSEITE<\/a><\/li>\n<li class=\"menu-item menu-item-type-post_type menu-item-object-page menu-item-has-children menu-item-25\"><a href=\"http:\/\/supporting-changes.com\/?page_id=10\" class=\"elementor-item\">ANGEBOTE<\/a>\n<ul class=\"sub-menu elementor-nav-menu--dropdown\">\n\t<li class=\"menu-item menu-item-type-post_type menu-item-object-page menu-item-52\"><a href=\"http:\/\/supporting-changes.com\/?page_id=29\" class=\"elementor-sub-item\">Pr\u00e4sentation<\/a><\/li>\n\t<li class=\"menu-item menu-item-type-post_type menu-item-object-page menu-item-51\"><a href=\"http:\/\/supporting-changes.com\/?page_id=31\" class=\"elementor-sub-item\">Karrierecoaching<\/a><\/li>\n\t<li class=\"menu-item menu-item-type-post_type menu-item-object-page menu-item-50\"><a href=\"http:\/\/supporting-changes.com\/?page_id=33\" class=\"elementor-sub-item\">Gespr\u00e4chsrethorik<\/a><\/li>\n\t<li class=\"menu-item menu-item-type-post_type menu-item-object-page menu-item-49\"><a href=\"http:\/\/supporting-changes.com\/?page_id=35\" class=\"elementor-sub-item\">Moderation<\/a><\/li>\n\t<li class=\"menu-item menu-item-type-post_type menu-item-object-page menu-item-48\"><a href=\"http:\/\/supporting-changes.com\/?page_id=37\" class=\"elementor-sub-item\">Stimmcoaching<\/a><\/li>\n<\/ul>\n<\/li>\n<li class=\"menu-item menu-item-type-post_type menu-item-object-page menu-item-has-children menu-item-24\"><a href=\"http:\/\/supporting-changes.com\/?page_id=12\" class=\"elementor-item\">SELF PERFORMANCE<\/a>\n<ul class=\"sub-menu elementor-nav-menu--dropdown\">\n\t<li class=\"menu-item menu-item-type-post_type menu-item-object-page menu-item-47\"><a href=\"http:\/\/supporting-changes.com\/?page_id=39\" class=\"elementor-sub-item\">Kerstin K\u00f6hler<\/a><\/li>\n\t<li class=\"menu-item menu-item-type-post_type menu-item-object-page menu-item-46\"><a href=\"http:\/\/supporting-changes.com\/?page_id=41\" class=\"elementor-sub-item\">C\u00e4cilie Skorupinski<\/a><\/li>\n\t<li class=\"menu-item menu-item-type-post_type menu-item-object-page menu-item-45\"><a href=\"http:\/\/supporting-changes.com\/?page_id=43\" class=\"elementor-sub-item\">Ver\u00f6ffentlichungen<\/a><\/li>\n<\/ul>\n<\/li>\n<li class=\"menu-item menu-item-type-post_type menu-item-object-page menu-item-23\"><a href=\"http:\/\/supporting-changes.com\/?page_id=14\" class=\"elementor-item\">F\u00dcR UNSERE KUNDEN<\/a><\/li>\n<li class=\"menu-item menu-item-type-post_type menu-item-object-page menu-item-22\"><a href=\"http:\/\/supporting-changes.com\/?page_id=16\" class=\"elementor-item\">KONTAKT<\/a><\/li>\n<\/ul><\/nav>\n\t\t\t\t<\/div>\n\t\t\t\t<\/div>\n\t\t\t\t<div data-id=\"4aef416\" class=\"elementor-element elementor-element-4aef416 elementor-widget elementor-widget-spacer\" data-element_type=\"spacer.default\">\n\t\t\t\t<div class=\"elementor-widget-container\">\n\t\t\t\t\t<div class=\"elementor-spacer\">\n\t\t\t<div class=\"elementor-spacer-inner\"><\/div>\n\t\t<\/div>\n\t\t\t\t<\/div>\n\t\t\t\t<\/div>\n\t\t\t\t<section data-id=\"0126e5a\" class=\"elementor-element elementor-element-0126e5a elementor-section-boxed elementor-section-height-default elementor-section-height-default elementor-section elementor-inner-section\" data-element_type=\"section\">\n\t\t\t\t\t\t<div class=\"elementor-container elementor-column-gap-default\">\n\t\t\t\t<div class=\"elementor-row\">\n\t\t\t\t<div data-id=\"ba6b076\" class=\"elementor-element elementor-element-ba6b076 elementor-column elementor-col-50 elementor-inner-column\" data-element_type=\"column\">\n\t\t\t<div class=\"elementor-column-wrap elementor-element-populated\">\n\t\t\t\t\t<div class=\"elementor-widget-wrap\">\n\t\t\t\t<div data-id=\"d97f16d\" class=\"elementor-element elementor-element-d97f16d elementor-widget elementor-widget-heading\" data-element_type=\"heading.default\">\n\t\t\t\t<div class=\"elementor-widget-container\">\n\t\t\t<h2 class=\"elementor-heading-title elementor-size-default\">MODERATION - remote oder live<\/h2>\t\t<\/div>\n\t\t\t\t<\/div>\n\t\t\t\t<div data-id=\"f27d248\" class=\"elementor-element elementor-element-f27d248 elementor-widget elementor-widget-text-editor\" data-element_type=\"text-editor.default\">\n\t\t\t\t<div class=\"elementor-widget-container\">\n\t\t\t\t\t<div class=\"elementor-text-editor elementor-clearfix\"><p>Klarheit schaffen, Prozesse strukturieren oder Probleme l\u00f6sen \u2013 wichtige Schritte in der Zusammenarbeit. Die K+S-Moderation unterst\u00fctzt den kreativen Austausch mit Ergebnisfocus. <br \/>Entscheidend sind konkrete Umsetzungsschritte, die den Transfer schnellstm\u00f6glich gelingen lassen und damit Nachhaltigkeit generieren.<\/p><p><strong>\u00a0K+S moderiert Ihre:<\/strong><br \/>\u00b7 Workshops<br \/>\u00b7 F\u00fchrungskr\u00e4ftekonferenzen\/\u00a0Strategietagungen<br \/>\u00b7 Ideen-Bootcamps<br \/>\u00b7 Tagungen<br \/>\u00b7 Konfliktgespr\u00e4che<br \/>\u00b7 Prozesse (z. B. Unternehmensleitlinien, Au\u00dfendarstellung)<\/p><p><span style=\"letter-spacing: 1.4px; font-size: 1rem;\">Unsere online\u00a0<\/span><strong style=\"letter-spacing: 1.4px; font-size: 1rem;\">K+S-Snippets<\/strong><span style=\"letter-spacing: 1.4px; font-size: 1rem;\"> bieten den Raum f\u00fcr die Retrospektive.\u00a0<\/span><span style=\"letter-spacing: 1.4px; font-size: 1rem;\">Gemeinsam schauen wir auf Ihr Team, auf Ihre Haltung oder auf Ihren Prozess. Immer an Ihrem Thema.\u00a0<\/span><span style=\"letter-spacing: 1.4px; font-size: 1rem;\">K+S unterst\u00fctzt Sie dabei als Coachingteam bei der R\u00fcckschau und begleitet Sie zu Ihren konkreten n\u00e4chsten Schritten.<\/span><\/p><p><em style=\"letter-spacing: 1.4px; font-size: 1rem;\">\u201eLeben hei\u00dft nicht atmen, sondern handeln.\u201c<\/em><span style=\"letter-spacing: 1.4px; font-size: 1rem;\"> JEAN-JACQUES ROUSSEAU<\/span><\/p><div>\u00a0<\/div><\/div>\n\t\t\t\t<\/div>\n\t\t\t\t<\/div>\n\t\t\t\t<div data-id=\"214f820\" class=\"elementor-element elementor-element-214f820 elementor-widget elementor-widget-spacer\" data-element_type=\"spacer.default\">\n\t\t\t\t<div class=\"elementor-widget-container\">\n\t\t\t\t\t<div class=\"elementor-spacer\">\n\t\t\t<div class=\"elementor-spacer-inner\"><\/div>\n\t\t<\/div>\n\t\t\t\t<\/div>\n\t\t\t\t<\/div>\n\t\t\t\t\t\t<\/div>\n\t\t\t<\/div>\n\t\t<\/div>\n\t\t\t\t<div data-id=\"2816f68\" class=\"elementor-element elementor-element-2816f68 elementor-column elementor-col-50 elementor-inner-column\" data-element_type=\"column\">\n\t\t\t<div class=\"elementor-column-wrap elementor-element-populated\">\n\t\t\t\t\t<div class=\"elementor-widget-wrap\">\n\t\t\t\t<div data-id=\"18f212d\" class=\"elementor-element elementor-element-18f212d elementor-widget elementor-widget-text-editor\" data-element_type=\"text-editor.default\">\n\t\t\t\t<div class=\"elementor-widget-container\">\n\t\t\t\t\t<div class=\"elementor-text-editor elementor-clearfix\"><p><strong>K+S Kommunikation Berlin GBR<br \/><\/strong>Team f\u00fcr Kommunikationsberatung<br \/>Rhetorik \u00b7 Medientraining \u00b7 Coaching\u2028<\/p><p><strong>Kerstin K\u00f6hler &amp; C\u00e4cilie Skorupinski<\/strong><br \/><br \/>Sonntagstra\u00dfe\u00a0 5<br \/>D-10245 Berlin<br \/>Tel.: +49 30 62 70 89 51<br \/>Fax: +49 30 20 07 83 59<br \/><a href=\"mailto:info@supporting-changes.com\">info@supporting-changes.com<\/a><br \/><br \/>Blumenstra\u00dfe 6<br \/>16556 Borgsdorf<br \/>Tel.: +49 3303 50 95 550<br \/>Fax: +49 3303 50 95 555<br \/><a href=\"mailto:info@supporting-changes.com\">info@supporting-changes.com<\/a><\/p><\/div>\n\t\t\t\t<\/div>\n\t\t\t\t<\/div>\n\t\t\t\t\t\t<\/div>\n\t\t\t<\/div>\n\t\t<\/div>\n\t\t\t\t\t\t<\/div>\n\t\t\t<\/div>\n\t\t<\/section>\n\t\t\t\t<div data-id=\"26a1723\" class=\"elementor-element elementor-element-26a1723 elementor-widget elementor-widget-template\" data-element_type=\"template.default\">\n\t\t\t\t<div class=\"elementor-widget-container\">\n\t\t\t\t\t<div class=\"elementor-template\">\n\t\t\t\t\t<div class=\"elementor elementor-258 elementor-type-section\">\n\t\t\t<div class=\"elementor-inner\">\n\t\t\t\t<div class=\"elementor-section-wrap\">\n\t\t\t\t\t\t\t<section data-id=\"7b7da30\" class=\"elementor-element elementor-element-7b7da30 elementor-section-boxed elementor-section-height-default elementor-section-height-default elementor-section elementor-inner-section\" data-element_type=\"section\">\n\t\t\t\t\t\t<div class=\"elementor-container elementor-column-gap-default\">\n\t\t\t\t<div class=\"elementor-row\">\n\t\t\t\t<div data-id=\"72bcf74\" class=\"elementor-element elementor-element-72bcf74 elementor-column elementor-col-50 elementor-inner-column\" data-element_type=\"column\">\n\t\t\t<div class=\"elementor-column-wrap elementor-element-populated\">\n\t\t\t\t\t<div class=\"elementor-widget-wrap\">\n\t\t\t\t<div data-id=\"8df48ba\" class=\"elementor-element elementor-element-8df48ba elementor-widget elementor-widget-divider\" data-element_type=\"divider.default\">\n\t\t\t\t<div class=\"elementor-widget-container\">\n\t\t\t\t\t<div class=\"elementor-divider\">\n\t\t\t<span class=\"elementor-divider-separator\"><\/span>\n\t\t<\/div>\n\t\t\t\t<\/div>\n\t\t\t\t<\/div>\n\t\t\t\t<div data-id=\"dcb057c\" class=\"elementor-element elementor-element-dcb057c elementor-widget elementor-widget-text-editor\" data-element_type=\"text-editor.default\">\n\t\t\t\t<div class=\"elementor-widget-container\">\n\t\t\t\t\t<div class=\"elementor-text-editor elementor-clearfix\"><p>\u00a9 2024 K+S Kommunikation Berlin GbR &#8211; Team f\u00fcr Kommunikationsberatung<br \/>PARTNER &#8211; <a href=\"http:\/\/supporting-changes.com\/?page_id=275\" target=\"_blank\" rel=\"noopener\">IMPRESSUM<\/a><\/p><\/div>\n\t\t\t\t<\/div>\n\t\t\t\t<\/div>\n\t\t\t\t\t\t<\/div>\n\t\t\t<\/div>\n\t\t<\/div>\n\t\t\t\t<div data-id=\"79409e9\" class=\"elementor-element elementor-element-79409e9 elementor-column elementor-col-50 elementor-inner-column\" data-element_type=\"column\">\n\t\t\t<div class=\"elementor-column-wrap\">\n\t\t\t\t\t<div class=\"elementor-widget-wrap\">\n\t\t\t\t\t\t<\/div>\n\t\t\t<\/div>\n\t\t<\/div>\n\t\t\t\t\t\t<\/div>\n\t\t\t<\/div>\n\t\t<\/section>\n\t\t\t\t\t\t<\/div>\n\t\t\t<\/div>\n\t\t<\/div>\n\t\t\t\t<\/div>\n\t\t\t\t<\/div>\n\t\t\t\t<\/div>\n\t\t\t\t<div data-id=\"3025552\" class=\"elementor-element elementor-element-3025552 elementor-widget elementor-widget-spacer\" data-element_type=\"spacer.default\">\n\t\t\t\t<div class=\"elementor-widget-container\">\n\t\t\t\t\t<div class=\"elementor-spacer\">\n\t\t\t<div class=\"elementor-spacer-inner\"><\/div>\n\t\t<\/div>\n\t\t\t\t<\/div>\n\t\t\t\t<\/div>\n\t\t\t\t\t\t<\/div>\n\t\t\t<\/div>\n\t\t<\/div>\n\t\t\t\t\t\t<\/div>\n\t\t\t<\/div>\n\t\t<\/section>\n\t\t\t\t\t\t<\/div>\n\t\t\t<\/div>\n\t\t<\/div>\n\t\t","protected":false},"excerpt":{"rendered":"<p>MODERATION &#8211; remote oder live Klarheit schaffen, Prozesse strukturieren oder Probleme l\u00f6sen \u2013 wichtige Schritte in der Zusammenarbeit. Die K+S-Moderation unterst\u00fctzt den kreativen Austausch mit Ergebnisfocus. Entscheidend sind konkrete Umsetzungsschritte, die den Transfer schnellstm\u00f6glich gelingen lassen und damit Nachhaltigkeit generieren. \u00a0K+S moderiert Ihre:\u00b7 Workshops\u00b7 F\u00fchrungskr\u00e4ftekonferenzen\/\u00a0Strategietagungen\u00b7 Ideen-Bootcamps\u00b7 Tagungen\u00b7 Konfliktgespr\u00e4che\u00b7 Prozesse (z. B. Unternehmensleitlinien, Au\u00dfendarstellung) Unsere online\u00a0K+S-Snippets &hellip; <\/p>\n<p class=\"link-more\"><a href=\"http:\/\/supporting-changes.com\/?page_id=35\" class=\"more-link\"><span class=\"screen-reader-text\">&#8222;Moderation&#8220;<\/span> weiterlesen<\/a><\/p>\n","protected":false},"author":1,"featured_media":0,"parent":0,"menu_order":0,"comment_status":"closed","ping_status":"closed","template":"elementor_canvas","meta":[],"_links":{"self":[{"href":"http:\/\/supporting-changes.com\/index.php?rest_route=\/wp\/v2\/pages\/35"}],"collection":[{"href":"http:\/\/supporting-changes.com\/index.php?rest_route=\/wp\/v2\/pages"}],"about":[{"href":"http:\/\/supporting-changes.com\/index.php?rest_route=\/wp\/v2\/types\/page"}],"author":[{"embeddable":true,"href":"http:\/\/supporting-changes.com\/index.php?rest_route=\/wp\/v2\/users\/1"}],"replies":[{"embeddable":true,"href":"http:\/\/supporting-changes.com\/index.php?rest_route=%2Fwp%2Fv2%2Fcomments&post=35"}],"version-history":[{"count":27,"href":"http:\/\/supporting-changes.com\/index.php?rest_route=\/wp\/v2\/pages\/35\/revisions"}],"predecessor-version":[{"id":889,"href":"http:\/\/supporting-changes.com\/index.php?rest_route=\/wp\/v2\/pages\/35\/revisions\/889"}],"wp:attachment":[{"href":"http:\/\/supporting-changes.com\/index.php?rest_route=%2Fwp%2Fv2%2Fmedia&parent=35"}],"curies":[{"name":"wp","href":"https:\/\/api.w.org\/{rel}","templated":true}]}}