{"id":39,"date":"2018-12-17T14:17:35","date_gmt":"2018-12-17T14:17:35","guid":{"rendered":"http:\/\/supporting-changes.com\/?page_id=39"},"modified":"2018-12-26T20:46:36","modified_gmt":"2018-12-26T20:46:37","slug":"kerstin-koehler","status":"publish","type":"page","link":"http:\/\/supporting-changes.com\/?page_id=39","title":{"rendered":"Kerstin K\u00f6hler"},"content":{"rendered":"\t\t<div class=\"elementor elementor-39\">\n\t\t\t<div class=\"elementor-inner\">\n\t\t\t\t<div class=\"elementor-section-wrap\">\n\t\t\t\t\t\t\t<section data-id=\"7698201\" class=\"elementor-element elementor-element-7698201 elementor-section-stretched elementor-section-full_width elementor-section-height-default elementor-section-height-default elementor-section elementor-top-section\" data-settings=\"{&quot;stretch_section&quot;:&quot;section-stretched&quot;,&quot;background_background&quot;:&quot;classic&quot;}\" data-element_type=\"section\">\n\t\t\t\t\t\t<div class=\"elementor-container elementor-column-gap-default\">\n\t\t\t\t<div class=\"elementor-row\">\n\t\t\t\t<div data-id=\"3c62929\" class=\"elementor-element elementor-element-3c62929 elementor-column elementor-col-100 elementor-top-column\" data-element_type=\"column\">\n\t\t\t<div class=\"elementor-column-wrap elementor-element-populated\">\n\t\t\t\t\t<div class=\"elementor-widget-wrap\">\n\t\t\t\t<div data-id=\"5198532\" class=\"elementor-element elementor-element-5198532 elementor-hidden-tablet elementor-hidden-phone elementor-widget elementor-widget-spacer\" data-element_type=\"spacer.default\">\n\t\t\t\t<div class=\"elementor-widget-container\">\n\t\t\t\t\t<div class=\"elementor-spacer\">\n\t\t\t<div class=\"elementor-spacer-inner\"><\/div>\n\t\t<\/div>\n\t\t\t\t<\/div>\n\t\t\t\t<\/div>\n\t\t\t\t<div data-id=\"db487fd\" class=\"elementor-element elementor-element-db487fd elementor-nav-menu__align-center elementor-nav-menu--indicator-none elementor-nav-menu__text-align-center elementor-nav-menu--dropdown-tablet elementor-nav-menu--toggle elementor-nav-menu--burger elementor-widget elementor-widget-nav-menu\" data-settings=\"{&quot;layout&quot;:&quot;horizontal&quot;,&quot;toggle&quot;:&quot;burger&quot;}\" data-element_type=\"nav-menu.default\">\n\t\t\t\t<div class=\"elementor-widget-container\">\n\t\t\t\t\t\t<nav class=\"elementor-nav-menu--main elementor-nav-menu__container elementor-nav-menu--layout-horizontal e--pointer-none\"><ul id=\"menu-1-db487fd\" class=\"elementor-nav-menu\"><li class=\"menu-item menu-item-type-post_type menu-item-object-page menu-item-home menu-item-26\"><a href=\"http:\/\/supporting-changes.com\/\" class=\"elementor-item\">STARTSEITE<\/a><\/li>\n<li class=\"menu-item menu-item-type-post_type menu-item-object-page menu-item-has-children menu-item-25\"><a href=\"http:\/\/supporting-changes.com\/?page_id=10\" class=\"elementor-item\">ANGEBOTE<\/a>\n<ul class=\"sub-menu elementor-nav-menu--dropdown\">\n\t<li class=\"menu-item menu-item-type-post_type menu-item-object-page menu-item-52\"><a href=\"http:\/\/supporting-changes.com\/?page_id=29\" class=\"elementor-sub-item\">Pr\u00e4sentation<\/a><\/li>\n\t<li class=\"menu-item menu-item-type-post_type menu-item-object-page menu-item-51\"><a href=\"http:\/\/supporting-changes.com\/?page_id=31\" class=\"elementor-sub-item\">Karrierecoaching<\/a><\/li>\n\t<li class=\"menu-item menu-item-type-post_type menu-item-object-page menu-item-50\"><a href=\"http:\/\/supporting-changes.com\/?page_id=33\" class=\"elementor-sub-item\">Gespr\u00e4chsrethorik<\/a><\/li>\n\t<li class=\"menu-item menu-item-type-post_type menu-item-object-page menu-item-49\"><a href=\"http:\/\/supporting-changes.com\/?page_id=35\" class=\"elementor-sub-item\">Moderation<\/a><\/li>\n\t<li class=\"menu-item menu-item-type-post_type menu-item-object-page menu-item-48\"><a href=\"http:\/\/supporting-changes.com\/?page_id=37\" class=\"elementor-sub-item\">Stimmcoaching<\/a><\/li>\n<\/ul>\n<\/li>\n<li class=\"menu-item menu-item-type-post_type menu-item-object-page menu-item-has-children menu-item-24\"><a href=\"http:\/\/supporting-changes.com\/?page_id=12\" class=\"elementor-item\">SELF PERFORMANCE<\/a>\n<ul class=\"sub-menu elementor-nav-menu--dropdown\">\n\t<li class=\"menu-item menu-item-type-post_type menu-item-object-page menu-item-47\"><a href=\"http:\/\/supporting-changes.com\/?page_id=39\" class=\"elementor-sub-item\">Kerstin K\u00f6hler<\/a><\/li>\n\t<li class=\"menu-item menu-item-type-post_type menu-item-object-page menu-item-46\"><a href=\"http:\/\/supporting-changes.com\/?page_id=41\" class=\"elementor-sub-item\">C\u00e4cilie Skorupinski<\/a><\/li>\n\t<li class=\"menu-item menu-item-type-post_type menu-item-object-page menu-item-45\"><a href=\"http:\/\/supporting-changes.com\/?page_id=43\" class=\"elementor-sub-item\">Ver\u00f6ffentlichungen<\/a><\/li>\n<\/ul>\n<\/li>\n<li class=\"menu-item menu-item-type-post_type menu-item-object-page menu-item-23\"><a href=\"http:\/\/supporting-changes.com\/?page_id=14\" class=\"elementor-item\">F\u00dcR UNSERE KUNDEN<\/a><\/li>\n<li class=\"menu-item menu-item-type-post_type menu-item-object-page menu-item-22\"><a href=\"http:\/\/supporting-changes.com\/?page_id=16\" class=\"elementor-item\">KONTAKT<\/a><\/li>\n<\/ul><\/nav>\n\t\t\t\t\t<div class=\"elementor-menu-toggle\">\n\t\t\t<i class=\"eicon\" aria-hidden=\"true\"><\/i>\n\t\t<\/div>\n\t\t<nav class=\"elementor-nav-menu--dropdown elementor-nav-menu__container\"><ul id=\"menu-2-db487fd\" class=\"elementor-nav-menu\"><li class=\"menu-item menu-item-type-post_type menu-item-object-page menu-item-home menu-item-26\"><a href=\"http:\/\/supporting-changes.com\/\" class=\"elementor-item\">STARTSEITE<\/a><\/li>\n<li class=\"menu-item menu-item-type-post_type menu-item-object-page menu-item-has-children menu-item-25\"><a href=\"http:\/\/supporting-changes.com\/?page_id=10\" class=\"elementor-item\">ANGEBOTE<\/a>\n<ul class=\"sub-menu elementor-nav-menu--dropdown\">\n\t<li class=\"menu-item menu-item-type-post_type menu-item-object-page menu-item-52\"><a href=\"http:\/\/supporting-changes.com\/?page_id=29\" class=\"elementor-sub-item\">Pr\u00e4sentation<\/a><\/li>\n\t<li class=\"menu-item menu-item-type-post_type menu-item-object-page menu-item-51\"><a href=\"http:\/\/supporting-changes.com\/?page_id=31\" class=\"elementor-sub-item\">Karrierecoaching<\/a><\/li>\n\t<li class=\"menu-item menu-item-type-post_type menu-item-object-page menu-item-50\"><a href=\"http:\/\/supporting-changes.com\/?page_id=33\" class=\"elementor-sub-item\">Gespr\u00e4chsrethorik<\/a><\/li>\n\t<li class=\"menu-item menu-item-type-post_type menu-item-object-page menu-item-49\"><a href=\"http:\/\/supporting-changes.com\/?page_id=35\" class=\"elementor-sub-item\">Moderation<\/a><\/li>\n\t<li class=\"menu-item menu-item-type-post_type menu-item-object-page menu-item-48\"><a href=\"http:\/\/supporting-changes.com\/?page_id=37\" class=\"elementor-sub-item\">Stimmcoaching<\/a><\/li>\n<\/ul>\n<\/li>\n<li class=\"menu-item menu-item-type-post_type menu-item-object-page menu-item-has-children menu-item-24\"><a href=\"http:\/\/supporting-changes.com\/?page_id=12\" class=\"elementor-item\">SELF PERFORMANCE<\/a>\n<ul class=\"sub-menu elementor-nav-menu--dropdown\">\n\t<li class=\"menu-item menu-item-type-post_type menu-item-object-page menu-item-47\"><a href=\"http:\/\/supporting-changes.com\/?page_id=39\" class=\"elementor-sub-item\">Kerstin K\u00f6hler<\/a><\/li>\n\t<li class=\"menu-item menu-item-type-post_type menu-item-object-page menu-item-46\"><a href=\"http:\/\/supporting-changes.com\/?page_id=41\" class=\"elementor-sub-item\">C\u00e4cilie Skorupinski<\/a><\/li>\n\t<li class=\"menu-item menu-item-type-post_type menu-item-object-page menu-item-45\"><a href=\"http:\/\/supporting-changes.com\/?page_id=43\" class=\"elementor-sub-item\">Ver\u00f6ffentlichungen<\/a><\/li>\n<\/ul>\n<\/li>\n<li class=\"menu-item menu-item-type-post_type menu-item-object-page menu-item-23\"><a href=\"http:\/\/supporting-changes.com\/?page_id=14\" class=\"elementor-item\">F\u00dcR UNSERE KUNDEN<\/a><\/li>\n<li class=\"menu-item menu-item-type-post_type menu-item-object-page menu-item-22\"><a href=\"http:\/\/supporting-changes.com\/?page_id=16\" class=\"elementor-item\">KONTAKT<\/a><\/li>\n<\/ul><\/nav>\n\t\t\t\t<\/div>\n\t\t\t\t<\/div>\n\t\t\t\t<div data-id=\"8d1f07f\" class=\"elementor-element elementor-element-8d1f07f elementor-widget elementor-widget-spacer\" data-element_type=\"spacer.default\">\n\t\t\t\t<div class=\"elementor-widget-container\">\n\t\t\t\t\t<div class=\"elementor-spacer\">\n\t\t\t<div class=\"elementor-spacer-inner\"><\/div>\n\t\t<\/div>\n\t\t\t\t<\/div>\n\t\t\t\t<\/div>\n\t\t\t\t<section data-id=\"6c32739\" class=\"elementor-element elementor-element-6c32739 elementor-section-boxed elementor-section-height-default elementor-section-height-default elementor-section elementor-inner-section\" data-element_type=\"section\">\n\t\t\t\t\t\t<div class=\"elementor-container elementor-column-gap-default\">\n\t\t\t\t<div class=\"elementor-row\">\n\t\t\t\t<div data-id=\"870502a\" class=\"elementor-element elementor-element-870502a elementor-column elementor-col-50 elementor-inner-column\" data-element_type=\"column\">\n\t\t\t<div class=\"elementor-column-wrap elementor-element-populated\">\n\t\t\t\t\t<div class=\"elementor-widget-wrap\">\n\t\t\t\t<div data-id=\"2e93d44\" class=\"elementor-element elementor-element-2e93d44 elementor-widget elementor-widget-text-editor\" data-element_type=\"text-editor.default\">\n\t\t\t\t<div class=\"elementor-widget-container\">\n\t\t\t\t\t<div class=\"elementor-text-editor elementor-clearfix\"><h3><strong>KERSTIN K\u00d6HLER<br \/><\/strong><strong>Diplom-Sprechwissenschaftlerin<\/strong><\/h3><p><strong>Ausbildung und Zusatzqualifikation:<\/strong><br \/>\u00b7 Studium der Sprechwissenschaft<br \/>\u00b7 P\u00e4dagogikstudium<br \/>\u00b7 Germanistische Linguistik (Nebenfach M.A.)<br \/>\u00b7 Zertifikat \u201eDeutsch als Fremdsprache\u201c<br \/>\u00b7 Zweij\u00e4hrige Seminarreihe zum Thema<br \/>\u201eTherapieentlehnte Konzepte f\u00fcr die sprecherzieherische Arbeit\u201c<\/p><\/div>\n\t\t\t\t<\/div>\n\t\t\t\t<\/div>\n\t\t\t\t<div data-id=\"71efac2\" class=\"elementor-element elementor-element-71efac2 elementor-widget elementor-widget-spacer\" data-element_type=\"spacer.default\">\n\t\t\t\t<div class=\"elementor-widget-container\">\n\t\t\t\t\t<div class=\"elementor-spacer\">\n\t\t\t<div class=\"elementor-spacer-inner\"><\/div>\n\t\t<\/div>\n\t\t\t\t<\/div>\n\t\t\t\t<\/div>\n\t\t\t\t<div data-id=\"1fa81d9\" class=\"elementor-element elementor-element-1fa81d9 elementor-widget elementor-widget-image\" data-element_type=\"image.default\">\n\t\t\t\t<div class=\"elementor-widget-container\">\n\t\t\t\t\t<div class=\"elementor-image\">\n\t\t\t\t\t\t\t\t\t\t<img width=\"250\" height=\"300\" src=\"http:\/\/supporting-changes.com\/wp-content\/uploads\/2018\/12\/kerstin_self.jpg\" class=\"attachment-large size-large\" alt=\"\" loading=\"lazy\" sizes=\"100vw\" \/>\t\t\t\t\t\t\t\t\t\t\t<\/div>\n\t\t\t\t<\/div>\n\t\t\t\t<\/div>\n\t\t\t\t<div data-id=\"74efe11\" class=\"elementor-element elementor-element-74efe11 elementor-widget elementor-widget-spacer\" data-element_type=\"spacer.default\">\n\t\t\t\t<div class=\"elementor-widget-container\">\n\t\t\t\t\t<div class=\"elementor-spacer\">\n\t\t\t<div class=\"elementor-spacer-inner\"><\/div>\n\t\t<\/div>\n\t\t\t\t<\/div>\n\t\t\t\t<\/div>\n\t\t\t\t\t\t<\/div>\n\t\t\t<\/div>\n\t\t<\/div>\n\t\t\t\t<div data-id=\"f791c71\" class=\"elementor-element elementor-element-f791c71 elementor-column elementor-col-50 elementor-inner-column\" data-element_type=\"column\">\n\t\t\t<div class=\"elementor-column-wrap elementor-element-populated\">\n\t\t\t\t\t<div class=\"elementor-widget-wrap\">\n\t\t\t\t<div data-id=\"fa11503\" class=\"elementor-element elementor-element-fa11503 elementor-widget elementor-widget-text-editor\" data-element_type=\"text-editor.default\">\n\t\t\t\t<div class=\"elementor-widget-container\">\n\t\t\t\t\t<div class=\"elementor-text-editor elementor-clearfix\"><p><strong>K+S Kommunikation Berlin GBR<br \/><\/strong>Team f\u00fcr Kommunikationsberatung<br \/>Rhetorik \u00b7 Medientraining \u00b7 Coaching\u2028<\/p><p><strong>Kerstin K\u00f6hler &amp; C\u00e4cilie Skorupinski<\/strong><br \/><br \/>Sonntagstra\u00dfe\u00a0 5<br \/>D-10245 Berlin<br \/>Tel.: +49 30 62 70 89 51<br \/>Fax: +49 30 20 07 83 59<br \/><a href=\"mailto:info@supporting-changes.com\">info@supporting-changes.com<\/a><br \/><br \/>Blumenstra\u00dfe 6<br \/>16556 Borgsdorf<br \/>Tel.: +49 3303 50 95 550<br \/>Fax: +49 3303 50 95 555<br \/><a href=\"mailto:info@supporting-changes.com\">info@supporting-changes.com<\/a><\/p><\/div>\n\t\t\t\t<\/div>\n\t\t\t\t<\/div>\n\t\t\t\t\t\t<\/div>\n\t\t\t<\/div>\n\t\t<\/div>\n\t\t\t\t\t\t<\/div>\n\t\t\t<\/div>\n\t\t<\/section>\n\t\t\t\t<div data-id=\"e3e01de\" class=\"elementor-element elementor-element-e3e01de elementor-widget elementor-widget-template\" data-element_type=\"template.default\">\n\t\t\t\t<div class=\"elementor-widget-container\">\n\t\t\t\t\t<div class=\"elementor-template\">\n\t\t\t\t\t<div class=\"elementor elementor-258 elementor-type-section\">\n\t\t\t<div class=\"elementor-inner\">\n\t\t\t\t<div class=\"elementor-section-wrap\">\n\t\t\t\t\t\t\t<section data-id=\"7b7da30\" class=\"elementor-element elementor-element-7b7da30 elementor-section-boxed elementor-section-height-default elementor-section-height-default elementor-section elementor-inner-section\" data-element_type=\"section\">\n\t\t\t\t\t\t<div class=\"elementor-container elementor-column-gap-default\">\n\t\t\t\t<div class=\"elementor-row\">\n\t\t\t\t<div data-id=\"72bcf74\" class=\"elementor-element elementor-element-72bcf74 elementor-column elementor-col-50 elementor-inner-column\" data-element_type=\"column\">\n\t\t\t<div class=\"elementor-column-wrap elementor-element-populated\">\n\t\t\t\t\t<div class=\"elementor-widget-wrap\">\n\t\t\t\t<div data-id=\"8df48ba\" class=\"elementor-element elementor-element-8df48ba elementor-widget elementor-widget-divider\" data-element_type=\"divider.default\">\n\t\t\t\t<div class=\"elementor-widget-container\">\n\t\t\t\t\t<div class=\"elementor-divider\">\n\t\t\t<span class=\"elementor-divider-separator\"><\/span>\n\t\t<\/div>\n\t\t\t\t<\/div>\n\t\t\t\t<\/div>\n\t\t\t\t<div data-id=\"dcb057c\" class=\"elementor-element elementor-element-dcb057c elementor-widget elementor-widget-text-editor\" data-element_type=\"text-editor.default\">\n\t\t\t\t<div class=\"elementor-widget-container\">\n\t\t\t\t\t<div class=\"elementor-text-editor elementor-clearfix\"><p>\u00a9 2024 K+S Kommunikation Berlin GbR &#8211; Team f\u00fcr Kommunikationsberatung<br \/>PARTNER &#8211; <a href=\"http:\/\/supporting-changes.com\/?page_id=275\" target=\"_blank\" rel=\"noopener\">IMPRESSUM<\/a><\/p><\/div>\n\t\t\t\t<\/div>\n\t\t\t\t<\/div>\n\t\t\t\t\t\t<\/div>\n\t\t\t<\/div>\n\t\t<\/div>\n\t\t\t\t<div data-id=\"79409e9\" class=\"elementor-element elementor-element-79409e9 elementor-column elementor-col-50 elementor-inner-column\" data-element_type=\"column\">\n\t\t\t<div class=\"elementor-column-wrap\">\n\t\t\t\t\t<div class=\"elementor-widget-wrap\">\n\t\t\t\t\t\t<\/div>\n\t\t\t<\/div>\n\t\t<\/div>\n\t\t\t\t\t\t<\/div>\n\t\t\t<\/div>\n\t\t<\/section>\n\t\t\t\t\t\t<\/div>\n\t\t\t<\/div>\n\t\t<\/div>\n\t\t\t\t<\/div>\n\t\t\t\t<\/div>\n\t\t\t\t<\/div>\n\t\t\t\t<div data-id=\"2c3b49d\" class=\"elementor-element elementor-element-2c3b49d elementor-widget elementor-widget-spacer\" data-element_type=\"spacer.default\">\n\t\t\t\t<div class=\"elementor-widget-container\">\n\t\t\t\t\t<div class=\"elementor-spacer\">\n\t\t\t<div class=\"elementor-spacer-inner\"><\/div>\n\t\t<\/div>\n\t\t\t\t<\/div>\n\t\t\t\t<\/div>\n\t\t\t\t\t\t<\/div>\n\t\t\t<\/div>\n\t\t<\/div>\n\t\t\t\t\t\t<\/div>\n\t\t\t<\/div>\n\t\t<\/section>\n\t\t\t\t\t\t<\/div>\n\t\t\t<\/div>\n\t\t<\/div>\n\t\t","protected":false},"excerpt":{"rendered":"<p>KERSTIN K\u00d6HLERDiplom-Sprechwissenschaftlerin Ausbildung und Zusatzqualifikation:\u00b7 Studium der Sprechwissenschaft\u00b7 P\u00e4dagogikstudium\u00b7 Germanistische Linguistik (Nebenfach M.A.)\u00b7 Zertifikat \u201eDeutsch als Fremdsprache\u201c\u00b7 Zweij\u00e4hrige Seminarreihe zum Thema\u201eTherapieentlehnte Konzepte f\u00fcr die sprecherzieherische Arbeit\u201c K+S Kommunikation Berlin GBRTeam f\u00fcr KommunikationsberatungRhetorik \u00b7 Medientraining \u00b7 Coaching\u2028 Kerstin K\u00f6hler &amp; C\u00e4cilie Skorupinski Sonntagstra\u00dfe\u00a0 5D-10245 BerlinTel.: +49 30 62 70 89 51Fax: +49 30 20 07 83 &hellip; <\/p>\n<p class=\"link-more\"><a href=\"http:\/\/supporting-changes.com\/?page_id=39\" class=\"more-link\"><span class=\"screen-reader-text\">&#8222;Kerstin K\u00f6hler&#8220;<\/span> weiterlesen<\/a><\/p>\n","protected":false},"author":1,"featured_media":0,"parent":0,"menu_order":0,"comment_status":"closed","ping_status":"closed","template":"elementor_canvas","meta":[],"_links":{"self":[{"href":"http:\/\/supporting-changes.com\/index.php?rest_route=\/wp\/v2\/pages\/39"}],"collection":[{"href":"http:\/\/supporting-changes.com\/index.php?rest_route=\/wp\/v2\/pages"}],"about":[{"href":"http:\/\/supporting-changes.com\/index.php?rest_route=\/wp\/v2\/types\/page"}],"author":[{"embeddable":true,"href":"http:\/\/supporting-changes.com\/index.php?rest_route=\/wp\/v2\/users\/1"}],"replies":[{"embeddable":true,"href":"http:\/\/supporting-changes.com\/index.php?rest_route=%2Fwp%2Fv2%2Fcomments&post=39"}],"version-history":[{"count":14,"href":"http:\/\/supporting-changes.com\/index.php?rest_route=\/wp\/v2\/pages\/39\/revisions"}],"predecessor-version":[{"id":399,"href":"http:\/\/supporting-changes.com\/index.php?rest_route=\/wp\/v2\/pages\/39\/revisions\/399"}],"wp:attachment":[{"href":"http:\/\/supporting-changes.com\/index.php?rest_route=%2Fwp%2Fv2%2Fmedia&parent=39"}],"curies":[{"name":"wp","href":"https:\/\/api.w.org\/{rel}","templated":true}]}}