{"id":43,"date":"2018-12-17T14:18:15","date_gmt":"2018-12-17T14:18:15","guid":{"rendered":"http:\/\/supporting-changes.com\/?page_id=43"},"modified":"2021-03-06T18:38:01","modified_gmt":"2021-03-06T18:38:01","slug":"veroeffentlichungen","status":"publish","type":"page","link":"http:\/\/supporting-changes.com\/?page_id=43","title":{"rendered":"Ver\u00f6ffentlichungen"},"content":{"rendered":"\t\t<div class=\"elementor elementor-43\">\n\t\t\t<div class=\"elementor-inner\">\n\t\t\t\t<div class=\"elementor-section-wrap\">\n\t\t\t\t\t\t\t<section data-id=\"3695423\" class=\"elementor-element elementor-element-3695423 elementor-section-stretched elementor-section-full_width elementor-section-height-default elementor-section-height-default elementor-section elementor-top-section\" data-settings=\"{&quot;stretch_section&quot;:&quot;section-stretched&quot;,&quot;background_background&quot;:&quot;classic&quot;}\" data-element_type=\"section\">\n\t\t\t\t\t\t<div class=\"elementor-container elementor-column-gap-default\">\n\t\t\t\t<div class=\"elementor-row\">\n\t\t\t\t<div data-id=\"70b1970\" class=\"elementor-element elementor-element-70b1970 elementor-column elementor-col-100 elementor-top-column\" data-element_type=\"column\">\n\t\t\t<div class=\"elementor-column-wrap elementor-element-populated\">\n\t\t\t\t\t<div class=\"elementor-widget-wrap\">\n\t\t\t\t<div data-id=\"78a2580\" class=\"elementor-element elementor-element-78a2580 elementor-hidden-tablet elementor-hidden-phone elementor-widget elementor-widget-spacer\" data-element_type=\"spacer.default\">\n\t\t\t\t<div class=\"elementor-widget-container\">\n\t\t\t\t\t<div class=\"elementor-spacer\">\n\t\t\t<div class=\"elementor-spacer-inner\"><\/div>\n\t\t<\/div>\n\t\t\t\t<\/div>\n\t\t\t\t<\/div>\n\t\t\t\t<div data-id=\"64bc869\" class=\"elementor-element elementor-element-64bc869 elementor-nav-menu__align-center elementor-nav-menu--indicator-none elementor-nav-menu__text-align-center elementor-nav-menu--dropdown-tablet elementor-nav-menu--toggle elementor-nav-menu--burger elementor-widget elementor-widget-nav-menu\" data-settings=\"{&quot;layout&quot;:&quot;horizontal&quot;,&quot;toggle&quot;:&quot;burger&quot;}\" data-element_type=\"nav-menu.default\">\n\t\t\t\t<div class=\"elementor-widget-container\">\n\t\t\t\t\t\t<nav class=\"elementor-nav-menu--main elementor-nav-menu__container elementor-nav-menu--layout-horizontal e--pointer-none\"><ul id=\"menu-1-64bc869\" class=\"elementor-nav-menu\"><li class=\"menu-item menu-item-type-post_type menu-item-object-page menu-item-home menu-item-26\"><a href=\"http:\/\/supporting-changes.com\/\" class=\"elementor-item\">STARTSEITE<\/a><\/li>\n<li class=\"menu-item menu-item-type-post_type menu-item-object-page menu-item-has-children menu-item-25\"><a href=\"http:\/\/supporting-changes.com\/?page_id=10\" class=\"elementor-item\">ANGEBOTE<\/a>\n<ul class=\"sub-menu elementor-nav-menu--dropdown\">\n\t<li class=\"menu-item menu-item-type-post_type menu-item-object-page menu-item-52\"><a href=\"http:\/\/supporting-changes.com\/?page_id=29\" class=\"elementor-sub-item\">Pr\u00e4sentation<\/a><\/li>\n\t<li class=\"menu-item menu-item-type-post_type menu-item-object-page menu-item-51\"><a href=\"http:\/\/supporting-changes.com\/?page_id=31\" class=\"elementor-sub-item\">Karrierecoaching<\/a><\/li>\n\t<li class=\"menu-item menu-item-type-post_type menu-item-object-page menu-item-50\"><a href=\"http:\/\/supporting-changes.com\/?page_id=33\" class=\"elementor-sub-item\">Gespr\u00e4chsrethorik<\/a><\/li>\n\t<li class=\"menu-item menu-item-type-post_type menu-item-object-page menu-item-49\"><a href=\"http:\/\/supporting-changes.com\/?page_id=35\" class=\"elementor-sub-item\">Moderation<\/a><\/li>\n\t<li class=\"menu-item menu-item-type-post_type menu-item-object-page menu-item-48\"><a href=\"http:\/\/supporting-changes.com\/?page_id=37\" class=\"elementor-sub-item\">Stimmcoaching<\/a><\/li>\n<\/ul>\n<\/li>\n<li class=\"menu-item menu-item-type-post_type menu-item-object-page menu-item-has-children menu-item-24\"><a href=\"http:\/\/supporting-changes.com\/?page_id=12\" class=\"elementor-item\">SELF PERFORMANCE<\/a>\n<ul class=\"sub-menu elementor-nav-menu--dropdown\">\n\t<li class=\"menu-item menu-item-type-post_type menu-item-object-page menu-item-47\"><a href=\"http:\/\/supporting-changes.com\/?page_id=39\" class=\"elementor-sub-item\">Kerstin K\u00f6hler<\/a><\/li>\n\t<li class=\"menu-item menu-item-type-post_type menu-item-object-page menu-item-46\"><a href=\"http:\/\/supporting-changes.com\/?page_id=41\" class=\"elementor-sub-item\">C\u00e4cilie Skorupinski<\/a><\/li>\n\t<li class=\"menu-item menu-item-type-post_type menu-item-object-page menu-item-45\"><a href=\"http:\/\/supporting-changes.com\/?page_id=43\" class=\"elementor-sub-item\">Ver\u00f6ffentlichungen<\/a><\/li>\n<\/ul>\n<\/li>\n<li class=\"menu-item menu-item-type-post_type menu-item-object-page menu-item-23\"><a href=\"http:\/\/supporting-changes.com\/?page_id=14\" class=\"elementor-item\">F\u00dcR UNSERE KUNDEN<\/a><\/li>\n<li class=\"menu-item menu-item-type-post_type menu-item-object-page menu-item-22\"><a href=\"http:\/\/supporting-changes.com\/?page_id=16\" class=\"elementor-item\">KONTAKT<\/a><\/li>\n<\/ul><\/nav>\n\t\t\t\t\t<div class=\"elementor-menu-toggle\">\n\t\t\t<i class=\"eicon\" aria-hidden=\"true\"><\/i>\n\t\t<\/div>\n\t\t<nav class=\"elementor-nav-menu--dropdown elementor-nav-menu__container\"><ul id=\"menu-2-64bc869\" class=\"elementor-nav-menu\"><li class=\"menu-item menu-item-type-post_type menu-item-object-page menu-item-home menu-item-26\"><a href=\"http:\/\/supporting-changes.com\/\" class=\"elementor-item\">STARTSEITE<\/a><\/li>\n<li class=\"menu-item menu-item-type-post_type menu-item-object-page menu-item-has-children menu-item-25\"><a href=\"http:\/\/supporting-changes.com\/?page_id=10\" class=\"elementor-item\">ANGEBOTE<\/a>\n<ul class=\"sub-menu elementor-nav-menu--dropdown\">\n\t<li class=\"menu-item menu-item-type-post_type menu-item-object-page menu-item-52\"><a href=\"http:\/\/supporting-changes.com\/?page_id=29\" class=\"elementor-sub-item\">Pr\u00e4sentation<\/a><\/li>\n\t<li class=\"menu-item menu-item-type-post_type menu-item-object-page menu-item-51\"><a href=\"http:\/\/supporting-changes.com\/?page_id=31\" class=\"elementor-sub-item\">Karrierecoaching<\/a><\/li>\n\t<li class=\"menu-item menu-item-type-post_type menu-item-object-page menu-item-50\"><a href=\"http:\/\/supporting-changes.com\/?page_id=33\" class=\"elementor-sub-item\">Gespr\u00e4chsrethorik<\/a><\/li>\n\t<li class=\"menu-item menu-item-type-post_type menu-item-object-page menu-item-49\"><a href=\"http:\/\/supporting-changes.com\/?page_id=35\" class=\"elementor-sub-item\">Moderation<\/a><\/li>\n\t<li class=\"menu-item menu-item-type-post_type menu-item-object-page menu-item-48\"><a href=\"http:\/\/supporting-changes.com\/?page_id=37\" class=\"elementor-sub-item\">Stimmcoaching<\/a><\/li>\n<\/ul>\n<\/li>\n<li class=\"menu-item menu-item-type-post_type menu-item-object-page menu-item-has-children menu-item-24\"><a href=\"http:\/\/supporting-changes.com\/?page_id=12\" class=\"elementor-item\">SELF PERFORMANCE<\/a>\n<ul class=\"sub-menu elementor-nav-menu--dropdown\">\n\t<li class=\"menu-item menu-item-type-post_type menu-item-object-page menu-item-47\"><a href=\"http:\/\/supporting-changes.com\/?page_id=39\" class=\"elementor-sub-item\">Kerstin K\u00f6hler<\/a><\/li>\n\t<li class=\"menu-item menu-item-type-post_type menu-item-object-page menu-item-46\"><a href=\"http:\/\/supporting-changes.com\/?page_id=41\" class=\"elementor-sub-item\">C\u00e4cilie Skorupinski<\/a><\/li>\n\t<li class=\"menu-item menu-item-type-post_type menu-item-object-page menu-item-45\"><a href=\"http:\/\/supporting-changes.com\/?page_id=43\" class=\"elementor-sub-item\">Ver\u00f6ffentlichungen<\/a><\/li>\n<\/ul>\n<\/li>\n<li class=\"menu-item menu-item-type-post_type menu-item-object-page menu-item-23\"><a href=\"http:\/\/supporting-changes.com\/?page_id=14\" class=\"elementor-item\">F\u00dcR UNSERE KUNDEN<\/a><\/li>\n<li class=\"menu-item menu-item-type-post_type menu-item-object-page menu-item-22\"><a href=\"http:\/\/supporting-changes.com\/?page_id=16\" class=\"elementor-item\">KONTAKT<\/a><\/li>\n<\/ul><\/nav>\n\t\t\t\t<\/div>\n\t\t\t\t<\/div>\n\t\t\t\t<section data-id=\"aed06d5\" class=\"elementor-element elementor-element-aed06d5 elementor-section-boxed elementor-section-height-default elementor-section-height-default elementor-section elementor-inner-section\" data-element_type=\"section\">\n\t\t\t\t\t\t<div class=\"elementor-container elementor-column-gap-default\">\n\t\t\t\t<div class=\"elementor-row\">\n\t\t\t\t<div data-id=\"70b664c\" class=\"elementor-element elementor-element-70b664c elementor-column elementor-col-50 elementor-inner-column\" data-element_type=\"column\">\n\t\t\t<div class=\"elementor-column-wrap elementor-element-populated\">\n\t\t\t\t\t<div class=\"elementor-widget-wrap\">\n\t\t\t\t<div data-id=\"920a930\" class=\"elementor-element elementor-element-920a930 elementor-widget elementor-widget-text-editor\" data-element_type=\"text-editor.default\">\n\t\t\t\t<div class=\"elementor-widget-container\">\n\t\t\t\t\t<div class=\"elementor-text-editor elementor-clearfix\"><div class=\"\"><div class=\"\"><div class=\"\"><div>\u00a0<\/div><div><div><div class=\"\"><strong>Skorupinski, C.: (2020)\u00a0<\/strong>So verhandeln Sie richtig. In: WIR in der Praxis.\u00a0<span style=\"letter-spacing: 1.4px;\">Magazin f\u00fcr das zahntechnische Personal. <\/span><span style=\"letter-spacing: 1.4px;\">Ausgabe 05<\/span><\/div><\/div><div>\u00a0<\/div><div class=\"\"><strong>Skorupinski, C.: (2020)\u00a0<\/strong>Daheim ist alles fein, oder? \u00a0In: ms pers\u00f6nlich.\u00a0<span style=\"letter-spacing: 1.4px;\">Die MS-Begleiter Zeitschrift.<\/span><\/div><div class=\"\"><span style=\"letter-spacing: 1.4px;\">Ausgabe 9<\/span><\/div><div class=\"\">\u00a0\u00a0<\/div><\/div><div class=\"\"><strong>Skorupinski, C.: (2020)\u00a0<\/strong>Kommunikation aktiv\u00a0gestalten. Schwierige Gespr\u00e4che f\u00fchren. In: ms pers\u00f6nlich . Die MS-Begleiter Zeitschrift. Ausgabe 8 \u00a0\u00a0<\/div><div>\u00a0<\/div><\/div><\/div><\/div><p><strong>K\u00f6hler,\u2009K.; \u00a0(2018)\u00a0<\/strong>Botschaften inszenieren statt Fakten zu pr\u00e4sentieren &#8211; Auftritt mit Wirkung.<br \/>In: Etzel, S.\/Wachtel, S. (Hrg.) Jeder kann wirken: Von Executives lernen: auftreten, antworten, reden. Springer<\/p><p><strong>Skorupinski, C.: (2013) \u00a0<\/strong>Stark im Auftreten &#8211; ist Souver\u00e4nit\u00e4t trainierbar? In: Synapse, Mitgliedermagazin des DIW-MTA e.V. Band 2\/2013<\/p><p><strong>K\u00f6hler,\u2009K.; Skorupinski,\u2009C.: (2013)<\/strong> Mitarbeitergespr\u00e4che strukturiert f\u00fchren. In: Eckert, H.: Wirtschaftsrhetorik. Reinhardt (Sprache und Sprechen; Bd.\u200946)<\/p><p><strong>K\u00f6hler, K.\/Skorupinski, C.: (2011)<\/strong> Smalltalk &#8211; Von der Bedeutung des kleinen Gespr\u00e4chs. <br \/>In: Pabst-Weinschenk, M.: Anwendungsfelder kooperativer Rhetorik. pabst press<\/p><p><strong>Skorupinski, C.: (2010)\u00a0<\/strong>Belastungsfreies Sprechen. In: intern, Zeitschrift f\u00fcr Deutsche Rentenversicherung Bund 6\/2010<\/p><p><strong>K\u00f6hler, K.: (2008)<\/strong> Den Servicegedanken trainieren. In: personalmagazin. Management, Recht und Organisation. 04\/2008, S. 32-33<\/p><p><strong>K\u00f6hler,\u2009K., Skorupinski, C.: (2006)<\/strong> Verstehen &#8211; Gestalten &#8211; Sinn vermitteln. In: Sprechen. Regensburg: bayrischer verlag f\u00fcr sprechwissenschaft<\/p><p><strong>K\u00f6hler,\u2009K. (2004)<\/strong>\u00a0Rhetorische Expertentrainings. In: Repr\u00e4sentanz Expert. (Hg.): Corporate Speaking\u00ae. Auftritte des Spitzenmanagements. Positionierung. <br \/>Executive Coaching. Dresscode. INNOVATIO Verlags AG<\/p><p><strong>K\u00f6hler,\u2009K., Skorupinski,\u2009C.:(Hg.): (2004)\u00a0<\/strong>Wissenschaft macht Schule. Sprechwissenschaft im Spiegel von 10 Jahren Sommerschule der DGSS. R\u00f6hrig Universit\u00e4tsverlag GmbH<\/p><p><strong>Skorupinski, C.: (2003)\u00a0<\/strong>Stimmtraining f\u00fcr Lehrende. 7. Erg\u00e4nzung des Neuen Handbuchs Hochschullehre. RAABE Fachverlag f\u00fcr Wissenschaftsinformation (KLETT)<\/p><p><strong>K\u00f6hler,\u2009K.: (2003)<\/strong> Marketing in eigener Sache &#8211; Selbstpr\u00e4sentation. <br \/>In: 12. Jahrestagung der Kommission Klinika der Bundeskonferenz der Frauenbeauftragten und Gleichstellungsbeauftragten an Hochschulen 05\/2003<\/p><p><strong>K\u00f6hler,\u2009K.: (2001)<\/strong> Daf\u00fcr bin ich zust\u00e4ndig. In: management &amp; training 7\/2001: Schwerpunkt Kundenservice, S.\u200910\u201313<\/p><p><strong>K\u00f6hler, K.\/Skorupinski, C.: (2000)<\/strong> Ziel- und partnerorientiert Telefonieren. In: Hellmut Geissner (Hrsg.): Stimmen h\u00f6ren.\u00a0 St. Ingbert: R\u00f6hrig Universit\u00e4tsverlag<\/p><p><strong>Skorupinski, C.: (1999)<\/strong> Motivation als integraler Bestandteil der Reorganisation. Ein Forschungs- und Entwicklungsgebiet der Sprechwissenschaft. <br \/>In: Gutenberg, N.: Die Rhetorik der Wirtschaft und die Wirtschaft der Rhetorik. Attikon Verlag (Beitr\u00e4ge zur Wirtschaftskommunikation; Bd. 19)<\/p><p><strong>K\u00f6hler,\u2009K.; Kuhlmann,\u2009M.; Skorupinski,\u2009C.: (1999)<\/strong> Wirtschaft \u202f\u2013 Ethik \u202f\u2013 \u202fRhetorik. In: M\u00f6nnich,\u2009A.: Rhetorik zwischen Tradition und Innovation. Reinhardt (Sprache und Sprechen; Bd.\u200936)<\/p><\/div>\n\t\t\t\t<\/div>\n\t\t\t\t<\/div>\n\t\t\t\t\t\t<\/div>\n\t\t\t<\/div>\n\t\t<\/div>\n\t\t\t\t<div data-id=\"8486637\" class=\"elementor-element elementor-element-8486637 elementor-column elementor-col-50 elementor-inner-column\" data-element_type=\"column\">\n\t\t\t<div class=\"elementor-column-wrap elementor-element-populated\">\n\t\t\t\t\t<div class=\"elementor-widget-wrap\">\n\t\t\t\t<div data-id=\"1643b71\" class=\"elementor-element elementor-element-1643b71 elementor-widget elementor-widget-text-editor\" data-element_type=\"text-editor.default\">\n\t\t\t\t<div class=\"elementor-widget-container\">\n\t\t\t\t\t<div class=\"elementor-text-editor elementor-clearfix\"><p><strong>K+S Kommunikation Berlin GBR<br \/><\/strong>Team f\u00fcr Kommunikationsberatung<br \/>Rhetorik \u00b7 Medientraining \u00b7 Coaching\u2028<\/p><p><strong>Kerstin K\u00f6hler &amp; C\u00e4cilie Skorupinski<\/strong><br \/><br \/>Sonntagstra\u00dfe\u00a0 5<br \/>D-10245 Berlin<br \/>Tel.: +49 30 62 70 89 51<br \/>Fax: +49 30 20 07 83 59<br \/><a href=\"mailto:info@supporting-changes.com\">info@supporting-changes.com<\/a><br \/><br \/>Blumenstra\u00dfe 6<br \/>16556 Borgsdorf<br \/>Tel.: +49 3303 50 95 550<br \/>Fax: +49 3303 50 95 555<br \/><a href=\"mailto:info@supporting-changes.com\">info@supporting-changes.com<\/a><\/p><\/div>\n\t\t\t\t<\/div>\n\t\t\t\t<\/div>\n\t\t\t\t\t\t<\/div>\n\t\t\t<\/div>\n\t\t<\/div>\n\t\t\t\t\t\t<\/div>\n\t\t\t<\/div>\n\t\t<\/section>\n\t\t\t\t<div data-id=\"bf79370\" class=\"elementor-element elementor-element-bf79370 elementor-widget elementor-widget-spacer\" data-element_type=\"spacer.default\">\n\t\t\t\t<div class=\"elementor-widget-container\">\n\t\t\t\t\t<div class=\"elementor-spacer\">\n\t\t\t<div class=\"elementor-spacer-inner\"><\/div>\n\t\t<\/div>\n\t\t\t\t<\/div>\n\t\t\t\t<\/div>\n\t\t\t\t<div data-id=\"2c9fade\" class=\"elementor-element elementor-element-2c9fade elementor-widget elementor-widget-template\" data-element_type=\"template.default\">\n\t\t\t\t<div class=\"elementor-widget-container\">\n\t\t\t\t\t<div class=\"elementor-template\">\n\t\t\t\t\t<div class=\"elementor elementor-258 elementor-type-section\">\n\t\t\t<div class=\"elementor-inner\">\n\t\t\t\t<div class=\"elementor-section-wrap\">\n\t\t\t\t\t\t\t<section data-id=\"7b7da30\" class=\"elementor-element elementor-element-7b7da30 elementor-section-boxed elementor-section-height-default elementor-section-height-default elementor-section elementor-inner-section\" data-element_type=\"section\">\n\t\t\t\t\t\t<div class=\"elementor-container elementor-column-gap-default\">\n\t\t\t\t<div class=\"elementor-row\">\n\t\t\t\t<div data-id=\"72bcf74\" class=\"elementor-element elementor-element-72bcf74 elementor-column elementor-col-50 elementor-inner-column\" data-element_type=\"column\">\n\t\t\t<div class=\"elementor-column-wrap elementor-element-populated\">\n\t\t\t\t\t<div class=\"elementor-widget-wrap\">\n\t\t\t\t<div data-id=\"8df48ba\" class=\"elementor-element elementor-element-8df48ba elementor-widget elementor-widget-divider\" data-element_type=\"divider.default\">\n\t\t\t\t<div class=\"elementor-widget-container\">\n\t\t\t\t\t<div class=\"elementor-divider\">\n\t\t\t<span class=\"elementor-divider-separator\"><\/span>\n\t\t<\/div>\n\t\t\t\t<\/div>\n\t\t\t\t<\/div>\n\t\t\t\t<div data-id=\"dcb057c\" class=\"elementor-element elementor-element-dcb057c elementor-widget elementor-widget-text-editor\" data-element_type=\"text-editor.default\">\n\t\t\t\t<div class=\"elementor-widget-container\">\n\t\t\t\t\t<div class=\"elementor-text-editor elementor-clearfix\"><p>\u00a9 2024 K+S Kommunikation Berlin GbR &#8211; Team f\u00fcr Kommunikationsberatung<br \/>PARTNER &#8211; <a href=\"http:\/\/supporting-changes.com\/?page_id=275\" target=\"_blank\" rel=\"noopener\">IMPRESSUM<\/a><\/p><\/div>\n\t\t\t\t<\/div>\n\t\t\t\t<\/div>\n\t\t\t\t\t\t<\/div>\n\t\t\t<\/div>\n\t\t<\/div>\n\t\t\t\t<div data-id=\"79409e9\" class=\"elementor-element elementor-element-79409e9 elementor-column elementor-col-50 elementor-inner-column\" data-element_type=\"column\">\n\t\t\t<div class=\"elementor-column-wrap\">\n\t\t\t\t\t<div class=\"elementor-widget-wrap\">\n\t\t\t\t\t\t<\/div>\n\t\t\t<\/div>\n\t\t<\/div>\n\t\t\t\t\t\t<\/div>\n\t\t\t<\/div>\n\t\t<\/section>\n\t\t\t\t\t\t<\/div>\n\t\t\t<\/div>\n\t\t<\/div>\n\t\t\t\t<\/div>\n\t\t\t\t<\/div>\n\t\t\t\t<\/div>\n\t\t\t\t<div data-id=\"ce785ff\" class=\"elementor-element elementor-element-ce785ff elementor-widget elementor-widget-spacer\" data-element_type=\"spacer.default\">\n\t\t\t\t<div class=\"elementor-widget-container\">\n\t\t\t\t\t<div class=\"elementor-spacer\">\n\t\t\t<div class=\"elementor-spacer-inner\"><\/div>\n\t\t<\/div>\n\t\t\t\t<\/div>\n\t\t\t\t<\/div>\n\t\t\t\t<div data-id=\"11c3a5c\" class=\"elementor-element elementor-element-11c3a5c elementor-widget elementor-widget-spacer\" data-element_type=\"spacer.default\">\n\t\t\t\t<div class=\"elementor-widget-container\">\n\t\t\t\t\t<div class=\"elementor-spacer\">\n\t\t\t<div class=\"elementor-spacer-inner\"><\/div>\n\t\t<\/div>\n\t\t\t\t<\/div>\n\t\t\t\t<\/div>\n\t\t\t\t\t\t<\/div>\n\t\t\t<\/div>\n\t\t<\/div>\n\t\t\t\t\t\t<\/div>\n\t\t\t<\/div>\n\t\t<\/section>\n\t\t\t\t\t\t<\/div>\n\t\t\t<\/div>\n\t\t<\/div>\n\t\t","protected":false},"excerpt":{"rendered":"<p>\u00a0Skorupinski, C.: (2020)\u00a0So verhandeln Sie richtig. In: WIR in der Praxis.\u00a0Magazin f\u00fcr das zahntechnische Personal. Ausgabe 05\u00a0Skorupinski, C.: (2020)\u00a0Daheim ist alles fein, oder? \u00a0In: ms pers\u00f6nlich.\u00a0Die MS-Begleiter Zeitschrift.Ausgabe 9\u00a0\u00a0Skorupinski, C.: (2020)\u00a0Kommunikation aktiv\u00a0gestalten. Schwierige Gespr\u00e4che f\u00fchren. In: ms pers\u00f6nlich . Die MS-Begleiter Zeitschrift. Ausgabe 8 \u00a0\u00a0\u00a0 K\u00f6hler,\u2009K.; \u00a0(2018)\u00a0Botschaften inszenieren statt Fakten zu pr\u00e4sentieren &#8211; Auftritt mit &hellip; <\/p>\n<p class=\"link-more\"><a href=\"http:\/\/supporting-changes.com\/?page_id=43\" class=\"more-link\"><span class=\"screen-reader-text\">&#8222;Ver\u00f6ffentlichungen&#8220;<\/span> weiterlesen<\/a><\/p>\n","protected":false},"author":1,"featured_media":0,"parent":0,"menu_order":0,"comment_status":"closed","ping_status":"closed","template":"elementor_canvas","meta":[],"_links":{"self":[{"href":"http:\/\/supporting-changes.com\/index.php?rest_route=\/wp\/v2\/pages\/43"}],"collection":[{"href":"http:\/\/supporting-changes.com\/index.php?rest_route=\/wp\/v2\/pages"}],"about":[{"href":"http:\/\/supporting-changes.com\/index.php?rest_route=\/wp\/v2\/types\/page"}],"author":[{"embeddable":true,"href":"http:\/\/supporting-changes.com\/index.php?rest_route=\/wp\/v2\/users\/1"}],"replies":[{"embeddable":true,"href":"http:\/\/supporting-changes.com\/index.php?rest_route=%2Fwp%2Fv2%2Fcomments&post=43"}],"version-history":[{"count":36,"href":"http:\/\/supporting-changes.com\/index.php?rest_route=\/wp\/v2\/pages\/43\/revisions"}],"predecessor-version":[{"id":593,"href":"http:\/\/supporting-changes.com\/index.php?rest_route=\/wp\/v2\/pages\/43\/revisions\/593"}],"wp:attachment":[{"href":"http:\/\/supporting-changes.com\/index.php?rest_route=%2Fwp%2Fv2%2Fmedia&parent=43"}],"curies":[{"name":"wp","href":"https:\/\/api.w.org\/{rel}","templated":true}]}}